{"id":2,"date":"2010-11-12T12:39:43","date_gmt":"2010-11-12T12:39:43","guid":{"rendered":"http:\/\/wpblocs.tinet.cat\/plantilla\/?page_id=2"},"modified":"2024-11-14T20:03:36","modified_gmt":"2024-11-14T20:03:36","slug":"quant-a","status":"publish","type":"page","link":"https:\/\/blocs.tinet.cat\/xaviersabate\/quant-a\/","title":{"rendered":"Quant a"},"content":{"rendered":"<p>Nascut a Flix (Ribera d&#8217;Ebre) el 7 de juliol de 1953, s\u00f3c Llicenciat en Filologia Catalana i mestre.<\/p>\n<p>He desenvolupat m\u00faltiples feines abans de dedicar-me a la pol\u00edtica: al Camp des de petit totes les vacances d&#8217;estiu i d&#8217;hivern, tamb\u00e9 he fet de manobre, de carter, de repartidor de diaris i fotos a la Costa Daurada, de mosso de magatzem descarregant camions, d&#8217;administratiu en una empresa constructora, de mestre durant deu anys &#8211; quatre dels qual vaig compaginar amb els estudis nocturns de Filologia Catalana &#8211; i tres anys al Port de Barcelona \u2013 90-93 &#8211; durant els quals es va desenvolupar la transformaci\u00f3 del Port Vell i la preparaci\u00f3 per als Jocs Ol\u00edmpics del 92.<\/p>\n<p>Vaig iniciar el meu comprom\u00eds social i pol\u00edtic amb el sindicalisme d&#8217;ensenyament essent un dels fundadors de la Uni\u00f3 de Sindicats de Treballadors de l\u2019Ensenyament de Catalunya (USTEC i de la UCSTE i tamb\u00e9 un dels fundadors de la primera escola en catal\u00e0 a Tarragona al 1975 quan encara vivia el dictador Franco \u2013 el col.legi PAX -. Des d&#8217;all\u00ed vaig col.laborar en el moviment del Col\u00b7lectiu d&#8217;Escoles per l&#8217;Escola P\u00fablica Catalana (CEPEPC). Tamb\u00e9 vaig col.laborar en l\u2019organitzaci\u00f3 de quatre edicions de l\u2019Esola d\u2019Estiu del Camp de Tarragona per a mestres i en le Moviment de Renovaci\u00f3 Pedag\u00f2gica.<\/p>\n<p>He col.laborat econ\u00f2micament en la sortida o el manteniment de publicacions en catal\u00e0 com el diari AVUI amb dues accions comprades a terminis, el setmanari MESTRAL a Reus ja desaparegut, en la sortida de la crisi de la Llibreria de la Rambla, iniciativa catalanista de la ciutat que aixoplug\u00e0 multitud d\u2019actes culturals i reivindicatius durant la dictadura. I alguna altra que prefereixo no recordar.<\/p>\n<p>Em vaig integrar a l\u2019Assemblea de Catalunya el 1975 i vaig participar en el proc\u00e9s de constituci\u00f3 del Partit dels Socialistes de Catalunya, al qual em vaig afiliar el 10 de desembre de 1976.<\/p>\n<p>S\u00f3c tamb\u00e9 afiliat a la UGT; soci de diverses entitats culturals i ciutadanes com Omnium Cultural, la Cooperativa Obrera de Tarragona, la Reial Societat Arqueol\u00f2gica tarraconense i els Centres d\u2019Arag\u00f3 i de Gal\u00edcia a Tarragona; humanit\u00e0ries com la Creu Roja o donant habitual de sang. I esportives com el N\u00e0stic i el Club Volei de Sant Pere i Sant Pau, Associaci\u00f3 Ateneu Republic\u00e0 de Tarragona i de l\u2019Associaci\u00f3 Dones i Homes per la Igualtat i el desenvolupament. I de la Colla castellera dels Xiquets de Tarragona<\/p>\n<p>He estat regidor de l\u2019Ajuntament de Tarragona, al govern del 1983 al 1989, posant en marxa, entre altres, l&#8217;Institut Municipal de Serveis Socials. I a l\u2019oposici\u00f3 fins al 2003. Vaig ser senador del 1986 al 1989 i diputat al Congr\u00e9s per Tarragona des del 1993 fins el 2004. El 7 de gener del 2004 vaig ser nomenat delegat a Tarragona del Govern presidit per Pasqual Maragall. Ell mateix em va nomenar el 15 de maig del 2006 Conseller de Governaci\u00f3 i Administracions P\u00fabliques, c\u00e0rrec que vaig exercir fins al final de la legislatura. Ara faig de diputat al Parlament de Catalunya per la circumscripci\u00f3 de Tarragona, exerceixo de portaveu del PSC a Interior i presideixo la Comissi\u00f3 d\u2019Ensenyament i Universitats.<\/p>\n<p>He estat 1r. secretari de la Federaci\u00f3 XVII del PSC-Camp de Tarragona des del 1.996 fins al 13 de juny de 2011.<\/p>\n<p>M\u2019interessen els principals problemes de la humanitat: l&#8217;economia, l\u2019emigraci\u00f3, les desigualtats socials, el medi ambient, l&#8217;energia i altres temes m\u00e9s propers: El Camp de Tarragona i la ciutat que li d\u00f3na nom que \u00e9s la meva des de l&#8217;any 1.970; l\u2019\u00fas i el present i el futur de la llengua catalana que \u00e9s el principal tret que ens identifica com a naci\u00f3. Per aix\u00f2 em vaig llicenciar en filologia catalana i vaig adoptar com a comprom\u00eds c\u00edvic impulsar la normalitzaci\u00f3 ling\u00fc\u00edstica a l&#8217;ensenyament i a la resta d\u2019\u00e0mbits socials. Per aix\u00f2 tamb\u00e9 s\u00f3c voluntari ling\u00fc\u00edstic.<\/p>\n<p>He repr\u00e8s els estudis de piano i canto amb la Coral de la Universitat Rovira i Virgili http:\/\/www.coralurv.org\/. Els assajos de cada dilluns no me&#8217;ls perdo per res del m\u00f3n. Tamb\u00e9 faig castells amb regularitat amb la colla Xiquets de Tarragona http:\/\/www.xiquetsdetarragona.cat\/. \u00c9s a dir, s\u00f3c matalasser. Tres dies a la setmana faig esport. El novembre de 2011 em vaig atrevir amb la mitja marat\u00f3 de Tarragona http:\/\/www.atletisme.cat\/classificacions\/tarragona\/res2011g_2.htm i ara estic preparant la del 2013<\/p>\n<p>Em podeu trobar a la xarxa a www.xaviersabate.cat , al facebook http:\/\/www.facebook.com\/xsabateibarz i al bluesky @xaviersabate.bsky.social<\/p>\n","protected":false},"excerpt":{"rendered":"<p>Nascut a Flix (Ribera d&#8217;Ebre) el 7 de juliol de 1953, s\u00f3c Llicenciat en Filologia Catalana i mestre. He desenvolupat m\u00faltiples feines abans de dedicar-me a la pol\u00edtica: al Camp des de petit totes les vacances d&#8217;estiu i d&#8217;hivern, tamb\u00e9 &hellip; <a href=\"https:\/\/blocs.tinet.cat\/xaviersabate\/quant-a\/\">Continua llegint <span class=\"meta-nav\">&rarr;<\/span><\/a><\/p>\n","protected":false},"author":1,"featured_media":0,"parent":0,"menu_order":0,"comment_status":"open","ping_status":"open","template":"","meta":{"footnotes":""},"class_list":["post-2","page","type-page","status-publish","hentry"],"_links":{"self":[{"href":"https:\/\/blocs.tinet.cat\/xaviersabate\/wp-json\/wp\/v2\/pages\/2","targetHints":{"allow":["GET"]}}],"collection":[{"href":"https:\/\/blocs.tinet.cat\/xaviersabate\/wp-json\/wp\/v2\/pages"}],"about":[{"href":"https:\/\/blocs.tinet.cat\/xaviersabate\/wp-json\/wp\/v2\/types\/page"}],"author":[{"embeddable":true,"href":"https:\/\/blocs.tinet.cat\/xaviersabate\/wp-json\/wp\/v2\/users\/1"}],"replies":[{"embeddable":true,"href":"https:\/\/blocs.tinet.cat\/xaviersabate\/wp-json\/wp\/v2\/comments?post=2"}],"version-history":[{"count":0,"href":"https:\/\/blocs.tinet.cat\/xaviersabate\/wp-json\/wp\/v2\/pages\/2\/revisions"}],"wp:attachment":[{"href":"https:\/\/blocs.tinet.cat\/xaviersabate\/wp-json\/wp\/v2\/media?parent=2"}],"curies":[{"name":"wp","href":"https:\/\/api.w.org\/{rel}","templated":true}]}}