{"id":2,"date":"2010-11-12T12:39:43","date_gmt":"2010-11-12T12:39:43","guid":{"rendered":"http:\/\/wpblocs.tinet.cat\/plantilla\/?page_id=2"},"modified":"2013-05-23T18:05:07","modified_gmt":"2013-05-23T17:05:07","slug":"opinio","status":"publish","type":"page","link":"https:\/\/blocs.tinet.cat\/labicidelalbert\/opinio\/","title":{"rendered":"Opini\u00f3"},"content":{"rendered":"<p>Rac\u00f3 d&#8217;opini\u00f3 de l&#8217;autor<\/p>\n","protected":false},"excerpt":{"rendered":"<p>Rac\u00f3 d&#8217;opini\u00f3 de l&#8217;autor<\/p>\n","protected":false},"author":1,"featured_media":0,"parent":0,"menu_order":0,"comment_status":"open","ping_status":"open","template":"","meta":{"footnotes":""},"class_list":["post-2","page","type-page","status-publish","hentry"],"_links":{"self":[{"href":"https:\/\/blocs.tinet.cat\/labicidelalbert\/wp-json\/wp\/v2\/pages\/2","targetHints":{"allow":["GET"]}}],"collection":[{"href":"https:\/\/blocs.tinet.cat\/labicidelalbert\/wp-json\/wp\/v2\/pages"}],"about":[{"href":"https:\/\/blocs.tinet.cat\/labicidelalbert\/wp-json\/wp\/v2\/types\/page"}],"author":[{"embeddable":true,"href":"https:\/\/blocs.tinet.cat\/labicidelalbert\/wp-json\/wp\/v2\/users\/1"}],"replies":[{"embeddable":true,"href":"https:\/\/blocs.tinet.cat\/labicidelalbert\/wp-json\/wp\/v2\/comments?post=2"}],"version-history":[{"count":0,"href":"https:\/\/blocs.tinet.cat\/labicidelalbert\/wp-json\/wp\/v2\/pages\/2\/revisions"}],"wp:attachment":[{"href":"https:\/\/blocs.tinet.cat\/labicidelalbert\/wp-json\/wp\/v2\/media?parent=2"}],"curies":[{"name":"wp","href":"https:\/\/api.w.org\/{rel}","templated":true}]}}