{"id":2,"date":"2017-04-15T13:41:26","date_gmt":"2017-04-15T13:41:26","guid":{"rendered":"http:\/\/wpblocs.tinet.cat\/plantilla\/?page_id=2"},"modified":"2017-04-15T13:41:26","modified_gmt":"2017-04-15T13:41:26","slug":"quant-a","status":"publish","type":"page","link":"https:\/\/blocs.tinet.cat\/irreductibles\/quant-a\/","title":{"rendered":"Quant a"},"content":{"rendered":"<p>Aix\u00f2 \u00e9s un exemple de p\u00e0gina del WordPress, podeu editar-la per a mostrar informaci\u00f3 sobre vosaltres o el vostre lloc; aix\u00ed els vostres lectors sabran qui sou. Podeu crear tantes p\u00e0gines com aquesta o p\u00e0gines subordinades com vulgueu i gestionar tot el vostre contingut dins del WordPress.<\/p>\n<p>Tamb\u00e9 podeu fer que en entrar al bloc es mostri directament aquesta plana en contes de les entrades anant a:<\/p>\n","protected":false},"excerpt":{"rendered":"<p>Aix\u00f2 \u00e9s un exemple de p\u00e0gina del WordPress, podeu editar-la per a mostrar informaci\u00f3 sobre vosaltres o el vostre lloc; aix\u00ed els vostres lectors sabran qui sou. Podeu crear tantes p\u00e0gines com aquesta o p\u00e0gines subordinades com vulgueu i gestionar &hellip; <a href=\"https:\/\/blocs.tinet.cat\/irreductibles\/quant-a\/\">Continua llegint <span class=\"meta-nav\">&rarr;<\/span><\/a><\/p>\n","protected":false},"author":692,"featured_media":0,"parent":0,"menu_order":0,"comment_status":"open","ping_status":"open","template":"","meta":{"footnotes":""},"class_list":["post-2","page","type-page","status-publish","hentry"],"_links":{"self":[{"href":"https:\/\/blocs.tinet.cat\/irreductibles\/wp-json\/wp\/v2\/pages\/2","targetHints":{"allow":["GET"]}}],"collection":[{"href":"https:\/\/blocs.tinet.cat\/irreductibles\/wp-json\/wp\/v2\/pages"}],"about":[{"href":"https:\/\/blocs.tinet.cat\/irreductibles\/wp-json\/wp\/v2\/types\/page"}],"author":[{"embeddable":true,"href":"https:\/\/blocs.tinet.cat\/irreductibles\/wp-json\/wp\/v2\/users\/692"}],"replies":[{"embeddable":true,"href":"https:\/\/blocs.tinet.cat\/irreductibles\/wp-json\/wp\/v2\/comments?post=2"}],"version-history":[{"count":0,"href":"https:\/\/blocs.tinet.cat\/irreductibles\/wp-json\/wp\/v2\/pages\/2\/revisions"}],"wp:attachment":[{"href":"https:\/\/blocs.tinet.cat\/irreductibles\/wp-json\/wp\/v2\/media?parent=2"}],"curies":[{"name":"wp","href":"https:\/\/api.w.org\/{rel}","templated":true}]}}