{"id":2,"date":"2010-11-12T12:39:43","date_gmt":"2010-11-12T12:39:43","guid":{"rendered":"http:\/\/wpblocs.tinet.cat\/plantilla\/?page_id=2"},"modified":"2012-01-02T11:49:30","modified_gmt":"2012-01-02T11:49:30","slug":"quant-a","status":"publish","type":"page","link":"https:\/\/blocs.tinet.cat\/el-bloc-de-tinet\/quant-a\/","title":{"rendered":"Aquest bloc"},"content":{"rendered":"<p>Aquest bloc vol acostar a tots els usuaris de TINET i a tot els ciutadans que arribin a aquesta p\u00e0gina novetats i informaci\u00f3 \u00fatil relacionades amb la Xarxa Ciutadana de les comarques de Tarragona.<\/p>\n<p>Estigueu informats i al dia de tot all\u00f2 que fa la comunitat tinetaire aix\u00ed com tamb\u00e9 de tota l&#8217;activitat que des de TINET realitzem per difondre entre tots els ciutadans l&#8217;\u00fas de les noves tecnologies i Internet.<\/p>\n","protected":false},"excerpt":{"rendered":"<p>Aquest bloc vol acostar a tots els usuaris de TINET i a tot els ciutadans que arribin a aquesta p\u00e0gina novetats i informaci\u00f3 \u00fatil relacionades amb la Xarxa Ciutadana de les comarques de Tarragona. Estigueu informats i al dia de &hellip; <a href=\"https:\/\/blocs.tinet.cat\/el-bloc-de-tinet\/quant-a\/\">Continua llegint <span class=\"meta-nav\">&rarr;<\/span><\/a><\/p>\n","protected":false},"author":1,"featured_media":0,"parent":0,"menu_order":0,"comment_status":"open","ping_status":"open","template":"","meta":{"footnotes":""},"class_list":["post-2","page","type-page","status-publish","hentry"],"_links":{"self":[{"href":"https:\/\/blocs.tinet.cat\/el-bloc-de-tinet\/wp-json\/wp\/v2\/pages\/2","targetHints":{"allow":["GET"]}}],"collection":[{"href":"https:\/\/blocs.tinet.cat\/el-bloc-de-tinet\/wp-json\/wp\/v2\/pages"}],"about":[{"href":"https:\/\/blocs.tinet.cat\/el-bloc-de-tinet\/wp-json\/wp\/v2\/types\/page"}],"author":[{"embeddable":true,"href":"https:\/\/blocs.tinet.cat\/el-bloc-de-tinet\/wp-json\/wp\/v2\/users\/1"}],"replies":[{"embeddable":true,"href":"https:\/\/blocs.tinet.cat\/el-bloc-de-tinet\/wp-json\/wp\/v2\/comments?post=2"}],"version-history":[{"count":0,"href":"https:\/\/blocs.tinet.cat\/el-bloc-de-tinet\/wp-json\/wp\/v2\/pages\/2\/revisions"}],"wp:attachment":[{"href":"https:\/\/blocs.tinet.cat\/el-bloc-de-tinet\/wp-json\/wp\/v2\/media?parent=2"}],"curies":[{"name":"wp","href":"https:\/\/api.w.org\/{rel}","templated":true}]}}