{"id":33,"date":"2025-01-01T10:54:32","date_gmt":"2025-01-01T10:54:32","guid":{"rendered":"https:\/\/blocs.tinet.cat\/comprar\/?page_id=33"},"modified":"2025-01-02T15:16:09","modified_gmt":"2025-01-02T15:16:09","slug":"participa","status":"publish","type":"page","link":"https:\/\/blocs.tinet.cat\/comprar\/participa\/","title":{"rendered":"Participa"},"content":{"rendered":"<p>Los <strong>premios Web Awards<\/strong> nacen con la misi\u00f3n de reconocer la excelencia en el mundo digital, destacando a los mejores sitios web y proyectos online que impulsan la innovaci\u00f3n y la creatividad en la era digital. Nuestro objetivo es premiar a quienes marcan la diferencia, celebrando la diversidad de talentos y tecnolog\u00edas que est\u00e1n dando forma al futuro de la web.<\/p>\n<p>En los <strong>premios Web Awards<\/strong>, creemos en la importancia de valorar el esfuerzo y la dedicaci\u00f3n que hay detr\u00e1s de cada proyecto digital. Por ello, reunimos a un jurado experto en diferentes \u00e1reas como dise\u00f1o, desarrollo, experiencia de usuario, marketing digital y contenido para evaluar y reconocer a las plataformas que destacan en cada categor\u00eda.<\/p>\n<p>Ya seas una peque\u00f1a startup o una empresa consolidada, los <strong>premios Web Awards<\/strong> son el lugar donde tu trabajo puede ser visto, apreciado y recompensado. Nos esforzamos por crear una comunidad inclusiva y colaborativa, donde cada a\u00f1o se celebre lo mejor que la web tiene para ofrecer.<\/p>\n<p>Nuestro compromiso es impulsar el talento digital y servir como fuente de inspiraci\u00f3n para quienes buscan innovar y crecer en este entorno en constante evoluci\u00f3n.<\/p>\n<p>Los sitios web premiados ser\u00e1n publicados anualmente durante la \u00faltima quincena de diciembre, env\u00eda tu solicitud para que podamos evaluar tu sitio web y agregarlo entre los participantes, \u00a1El tiempo vuela!<\/p>\n","protected":false},"excerpt":{"rendered":"<p>Los premios Web Awards nacen con la misi\u00f3n de reconocer la excelencia en el mundo digital, destacando a los mejores sitios web y proyectos online que impulsan la innovaci\u00f3n y la creatividad en la era digital. Nuestro objetivo es premiar a quienes marcan la diferencia, celebrando la diversidad de talentos y tecnolog\u00edas que est\u00e1n dando &hellip; <\/p>\n<p class=\"link-more\"><a href=\"https:\/\/blocs.tinet.cat\/comprar\/participa\/\" class=\"more-link\">Continua llegint <span class=\"screen-reader-text\">\u00abParticipa\u00bb<\/span><\/a><\/p>\n","protected":false},"author":671,"featured_media":0,"parent":0,"menu_order":0,"comment_status":"open","ping_status":"closed","template":"","meta":{"footnotes":""},"class_list":["post-33","page","type-page","status-publish","hentry","entry"],"_links":{"self":[{"href":"https:\/\/blocs.tinet.cat\/comprar\/wp-json\/wp\/v2\/pages\/33","targetHints":{"allow":["GET"]}}],"collection":[{"href":"https:\/\/blocs.tinet.cat\/comprar\/wp-json\/wp\/v2\/pages"}],"about":[{"href":"https:\/\/blocs.tinet.cat\/comprar\/wp-json\/wp\/v2\/types\/page"}],"author":[{"embeddable":true,"href":"https:\/\/blocs.tinet.cat\/comprar\/wp-json\/wp\/v2\/users\/671"}],"replies":[{"embeddable":true,"href":"https:\/\/blocs.tinet.cat\/comprar\/wp-json\/wp\/v2\/comments?post=33"}],"version-history":[{"count":0,"href":"https:\/\/blocs.tinet.cat\/comprar\/wp-json\/wp\/v2\/pages\/33\/revisions"}],"wp:attachment":[{"href":"https:\/\/blocs.tinet.cat\/comprar\/wp-json\/wp\/v2\/media?parent=33"}],"curies":[{"name":"wp","href":"https:\/\/api.w.org\/{rel}","templated":true}]}}