{"id":2,"date":"2010-11-12T12:39:43","date_gmt":"2010-11-12T12:39:43","guid":{"rendered":"http:\/\/wpblocs.tinet.cat\/plantilla\/?page_id=2"},"modified":"2011-03-20T11:04:35","modified_gmt":"2011-03-20T11:04:35","slug":"bloc-antic","status":"publish","type":"page","link":"https:\/\/blocs.tinet.cat\/carmemas\/bloc-antic\/","title":{"rendered":"Bloc antic"},"content":{"rendered":"<h1 style=\"text-align: center\"><span style=\"color: #008000\"><strong><span style=\"color: #008000\"><a href=\"https:\/\/blocs.tinet.cat\/lt\/blog\/carme-mas\"><img loading=\"lazy\" decoding=\"async\" class=\"aligncenter size-full wp-image-14\" src=\"https:\/\/blocs.tinet.cat\/carmemas\/files\/2011\/03\/bloc-antic1.png\" alt=\"\" width=\"410\" height=\"142\" \/><\/a><\/span><\/strong><\/span><\/h1>\n<p><span style=\"color: #008000\"><strong><span style=\"color: #008000\"> <\/span><\/strong><\/span><\/p>\n<p><span style=\"color: #008000\"><strong><span style=\"color: #008000\"> <\/span><\/strong><\/span><\/p>\n<p style=\"text-align: center\"><span style=\"color: #008000\"><strong><span style=\"color: #008000\">[audio:https:\/\/blocs.tinet.cat\/carmemas\/files\/2011\/03\/Sleep-Away.mp3|titles=Sleep Away]<\/span><\/strong><\/span><\/p>\n<p style=\"text-align: center\">\n<ul>\n<li>\n<h2>Darreres entrades<\/h2>\n<ul>\n<li><a title=\"&lt;p...\" href=\"https:\/\/blocs.tinet.cat\/lt\/blog\/carme-mas\/category\/124\/general\/2011\/03\/12\/canvi-de-bloc\">Canvi de bloc<\/a><\/li>\n<li><a title=\"&lt;p...\" href=\"https:\/\/blocs.tinet.cat\/lt\/blog\/carme-mas\/category\/124\/catalunya\/2010\/09\/03\/inici-de-curs\">Inici de curs<\/a><\/li>\n<li><a title=\"&lt;p...\" href=\"https:\/\/blocs.tinet.cat\/lt\/blog\/carme-mas\/category\/124\/catalunya\/2010\/03\/12\/colgats-de-neu-i-a-les-fosques\">Colgats de neu i a les fosques<\/a><\/li>\n<li><a title=\"&lt;div...\" href=\"https:\/\/blocs.tinet.cat\/lt\/blog\/carme-mas\/category\/124\/catalunya\/2010\/01\/29\/blanc-nuclear\">Blanc nuclear<\/a><\/li>\n<li><a title=\"&lt;p&gt;&lt;object...\" href=\"https:\/\/blocs.tinet.cat\/lt\/blog\/carme-mas\/category\/124\/catalunya\/2010\/01\/13\/88.926-signatures-ilp-llei-electoral\">88.926 signatures ILP Llei electoral<\/a><\/li>\n<li><a title=\"&lt;div&gt;&lt;p...\" href=\"https:\/\/blocs.tinet.cat\/lt\/blog\/carme-mas\/category\/124\/esdeveniments\/2009\/12\/11\/in-memoriam\">In memoriam<\/a><\/li>\n<li><a title=\"&lt;span...\" href=\"https:\/\/blocs.tinet.cat\/lt\/blog\/carme-mas\/category\/124\/ciutadania\/2009\/11\/27\/hem-d-anar-m-s-lluny\">Hem d&#8217;anar m\u00e9s lluny<\/a><\/li>\n<li><a title=\"&lt;strong...\" href=\"https:\/\/blocs.tinet.cat\/lt\/blog\/carme-mas\/category\/124\/general\/2009\/11\/27\/10a-convenci-cpc\">10a Convenci\u00f3 CpC<\/a><\/li>\n<li><a title=\"&lt;p...\" href=\"https:\/\/blocs.tinet.cat\/lt\/blog\/carme-mas\/category\/124\/ciutadania\/2009\/11\/25\/la-dignitat-de-catalunya\">La dignitat de Catalunya<\/a><\/li>\n<li><a title=\"&lt;p&gt;&lt;span&gt;&lt;sp...\" href=\"https:\/\/blocs.tinet.cat\/lt\/blog\/carme-mas\/category\/124\/catalunya\/2009\/11\/11\/contra-la-corrupci\">Contra la corrupci\u00f3<\/a><\/li>\n<li><a title=\"&lt;div&gt;&lt;p...\" href=\"https:\/\/blocs.tinet.cat\/lt\/blog\/carme-mas\/category\/124\/catalunya\/2009\/10\/09\/una-mirada-m-s-enll\">Una mirada m\u00e9s enll\u00e0<\/a><\/li>\n<li><a title=\"&lt;blockquote&gt;...\" href=\"https:\/\/blocs.tinet.cat\/lt\/blog\/carme-mas\/category\/124\/catalunya\/2009\/06\/06\/apostem-per-una-nova-europa\">Apostem per una nova Europa<\/a><\/li>\n<\/ul>\n<\/li>\n<li>\n<h2>Categories<\/h2>\n<ul>\n<li><a href=\"https:\/\/blocs.tinet.cat\/lt\/blog\/carme-mas\/category\/general\">General<\/a> [4] (<a href=\"https:\/\/blocs.tinet.cat\/lt\/rss.php?blogId=125&amp;categoryId=286\">rss<\/a>)<\/li>\n<li><a href=\"https:\/\/blocs.tinet.cat\/lt\/blog\/carme-mas\/category\/ciutadania\">Ciutadania<\/a> [22] (<a href=\"https:\/\/blocs.tinet.cat\/lt\/rss.php?blogId=125&amp;categoryId=435\">rss<\/a>)<\/li>\n<li><a href=\"https:\/\/blocs.tinet.cat\/lt\/blog\/carme-mas\/category\/esdeveniments\">Esdeveniments<\/a> [14] (<a href=\"https:\/\/blocs.tinet.cat\/lt\/rss.php?blogId=125&amp;categoryId=436\">rss<\/a>)<\/li>\n<li><a href=\"https:\/\/blocs.tinet.cat\/lt\/blog\/carme-mas\/category\/personal\">Personal<\/a> [7] (<a href=\"https:\/\/blocs.tinet.cat\/lt\/rss.php?blogId=125&amp;categoryId=437\">rss<\/a>)<\/li>\n<li><a href=\"https:\/\/blocs.tinet.cat\/lt\/blog\/carme-mas\/category\/catalunya\">Catalunya<\/a> [82] (<a href=\"https:\/\/blocs.tinet.cat\/lt\/rss.php?blogId=125&amp;categoryId=452\">rss<\/a>)<\/li>\n<li><a href=\"https:\/\/blocs.tinet.cat\/lt\/blog\/carme-mas\/category\/espanya\">Espanya<\/a> [27] (<a href=\"https:\/\/blocs.tinet.cat\/lt\/rss.php?blogId=125&amp;categoryId=453\">rss<\/a>)<\/li>\n<li><a href=\"https:\/\/blocs.tinet.cat\/lt\/blog\/carme-mas\/category\/mon\">M\u00f3n<\/a> [9] (<a href=\"https:\/\/blocs.tinet.cat\/lt\/rss.php?blogId=125&amp;categoryId=454\">rss<\/a>)<\/li>\n<li><a href=\"https:\/\/blocs.tinet.cat\/lt\/blog\/carme-mas\/category\/tarragona\">Tarragona<\/a> [10] (<a href=\"https:\/\/blocs.tinet.cat\/lt\/rss.php?blogId=125&amp;categoryId=506\">rss<\/a>)<\/li>\n<\/ul>\n<\/li>\n<li>\n<h2>Arxius<\/h2>\n<ul>\n<li><a href=\"https:\/\/blocs.tinet.cat\/lt\/blog\/archive\/125\/2011\/03\/\">Mar\u00e7 2011<\/a> [1]<\/li>\n<li><a href=\"https:\/\/blocs.tinet.cat\/lt\/blog\/archive\/125\/2010\/09\/\">Setembre 2010<\/a> [1]<\/li>\n<li><a href=\"https:\/\/blocs.tinet.cat\/lt\/blog\/archive\/125\/2010\/03\/\">Mar\u00e7 2010<\/a> [1]<\/li>\n<li><a href=\"https:\/\/blocs.tinet.cat\/lt\/blog\/archive\/125\/2010\/01\/\">Gener 2010<\/a> [2]<\/li>\n<li><a href=\"https:\/\/blocs.tinet.cat\/lt\/blog\/archive\/125\/2009\/12\/\">Desembre 2009<\/a> [1]<\/li>\n<li><a href=\"https:\/\/blocs.tinet.cat\/lt\/blog\/archive\/125\/2009\/11\/\">Novembre 2009<\/a> [4]<\/li>\n<li><a href=\"https:\/\/blocs.tinet.cat\/lt\/blog\/archive\/125\/2009\/10\/\">Octubre 2009<\/a> [1]<\/li>\n<li><a href=\"https:\/\/blocs.tinet.cat\/lt\/blog\/archive\/125\/2009\/06\/\">Juny 2009<\/a> [1]<\/li>\n<li><a href=\"https:\/\/blocs.tinet.cat\/lt\/blog\/archive\/125\/2009\/04\/\">Abril 2009<\/a> [2]<\/li>\n<li><a href=\"https:\/\/blocs.tinet.cat\/lt\/blog\/archive\/125\/2009\/03\/\">Mar\u00e7 2009<\/a> [1]<\/li>\n<li><a href=\"https:\/\/blocs.tinet.cat\/lt\/blog\/archive\/125\/2009\/02\/\">Febrer 2009<\/a> [1]<\/li>\n<li><a href=\"https:\/\/blocs.tinet.cat\/lt\/blog\/archive\/125\/2009\/01\/\">Gener 2009<\/a> [3]<\/li>\n<li><a href=\"https:\/\/blocs.tinet.cat\/lt\/blog\/archive\/125\/2008\/12\/\">Desembre 2008<\/a> [7]<\/li>\n<li><a href=\"https:\/\/blocs.tinet.cat\/lt\/blog\/archive\/125\/2008\/11\/\">Novembre 2008<\/a> [2]<\/li>\n<li><a href=\"https:\/\/blocs.tinet.cat\/lt\/blog\/archive\/125\/2008\/09\/\">Setembre 2008<\/a> [2]<\/li>\n<li><a href=\"https:\/\/blocs.tinet.cat\/lt\/blog\/archive\/125\/2008\/08\/\">Agost 2008<\/a> [1]<\/li>\n<li><a href=\"https:\/\/blocs.tinet.cat\/lt\/blog\/archive\/125\/2008\/07\/\">Juliol 2008<\/a> [2]<\/li>\n<li><a href=\"https:\/\/blocs.tinet.cat\/lt\/blog\/archive\/125\/2008\/05\/\">Maig 2008<\/a> [3]<\/li>\n<li><a href=\"https:\/\/blocs.tinet.cat\/lt\/blog\/archive\/125\/2008\/04\/\">Abril 2008<\/a> [4]<\/li>\n<li><a href=\"https:\/\/blocs.tinet.cat\/lt\/blog\/archive\/125\/2008\/03\/\">Mar\u00e7 2008<\/a> [14]<\/li>\n<li><a href=\"https:\/\/blocs.tinet.cat\/lt\/blog\/archive\/125\/2008\/02\/\">Febrer 2008<\/a> [7]<\/li>\n<li><a href=\"https:\/\/blocs.tinet.cat\/lt\/blog\/archive\/125\/2008\/01\/\">Gener 2008<\/a> [2]<\/li>\n<li><a href=\"https:\/\/blocs.tinet.cat\/lt\/blog\/archive\/125\/2007\/11\/\">Novembre 2007<\/a> [1]<\/li>\n<li><a href=\"https:\/\/blocs.tinet.cat\/lt\/blog\/archive\/125\/2007\/10\/\">Octubre 2007<\/a> [6]<\/li>\n<li><a href=\"https:\/\/blocs.tinet.cat\/lt\/blog\/archive\/125\/2007\/09\/\">Setembre 2007<\/a> [2]<\/li>\n<li><a href=\"https:\/\/blocs.tinet.cat\/lt\/blog\/archive\/125\/2007\/08\/\">Agost 2007<\/a> [6]<\/li>\n<li><a href=\"https:\/\/blocs.tinet.cat\/lt\/blog\/archive\/125\/2007\/07\/\">Juliol 2007<\/a> [1]<\/li>\n<li><a href=\"https:\/\/blocs.tinet.cat\/lt\/blog\/archive\/125\/2007\/05\/\">Maig 2007<\/a> [3]<\/li>\n<li><a href=\"https:\/\/blocs.tinet.cat\/lt\/blog\/archive\/125\/2007\/04\/\">Abril 2007<\/a> [1]<\/li>\n<li><a href=\"https:\/\/blocs.tinet.cat\/lt\/blog\/archive\/125\/2007\/03\/\">Mar\u00e7 2007<\/a> [5]<\/li>\n<li><a href=\"https:\/\/blocs.tinet.cat\/lt\/blog\/archive\/125\/2007\/02\/\">Febrer 2007<\/a> [2]<\/li>\n<li><a href=\"https:\/\/blocs.tinet.cat\/lt\/blog\/archive\/125\/2007\/01\/\">Gener 2007<\/a> [10]<\/li>\n<li><a href=\"https:\/\/blocs.tinet.cat\/lt\/blog\/archive\/125\/2006\/12\/\">Desembre 2006<\/a> [12]<\/li>\n<li><a href=\"https:\/\/blocs.tinet.cat\/lt\/blog\/archive\/125\/2006\/11\/\">Novembre 2006<\/a> [13]<\/li>\n<li><a href=\"https:\/\/blocs.tinet.cat\/lt\/blog\/archive\/125\/2006\/10\/\">Octubre 2006<\/a> [21]<\/li>\n<li><a href=\"https:\/\/blocs.tinet.cat\/lt\/blog\/archive\/125\/2006\/09\/\">Setembre 2006<\/a> [7]<\/li>\n<li><a href=\"https:\/\/blocs.tinet.cat\/lt\/blog\/archive\/125\/2006\/08\/\">Agost 2006<\/a> [12]<\/li>\n<li><a href=\"https:\/\/blocs.tinet.cat\/lt\/blog\/archive\/125\/2006\/07\/\">Juliol 2006<\/a> [2]<\/li>\n<li><a href=\"https:\/\/blocs.tinet.cat\/lt\/blog\/archive\/125\/2006\/06\/\">Juny 2006<\/a> [2]<\/li>\n<li><a href=\"https:\/\/blocs.tinet.cat\/lt\/blog\/archive\/125\/2006\/05\/\">Maig 2006<\/a> [2]<\/li>\n<li><a href=\"https:\/\/blocs.tinet.cat\/lt\/blog\/archive\/125\/2006\/04\/\">Abril 2006<\/a> [4]<\/li>\n<\/ul>\n<\/li>\n<li>\n<h2>Enlla\u00e7os<\/h2>\n<ul>\n<li><strong>Blocs<\/strong>\n<ul>\n<li><a href=\"http:\/\/cosesdelallengua.blogspot.com\/\">BLOC COSES DE LA LLENGUA, DE JOSEP MIL\u00c0<\/a><\/li>\n<li><a title=\"Comentaris a la Llei d'Educaci\u00f3 de Catalunya\" href=\"http:\/\/albertodelpozo.blogspot.com\/\">BLOC NOUS CONCEPTES A LA LLEI D&#8217;EDUCACI\u00d3, PER ALBERTO DEL POZO<\/a><\/li>\n<li><a href=\"http:\/\/aaixala.blogspot.com\/\">Bloc d&#8217;Albert Aixal\u00e0<\/a><\/li>\n<li><a href=\"http:\/\/lourdesmunozsantamaria.blogspot.com\/\">Bloc de Lourdes Mu\u00f1oz<\/a><\/li>\n<li><a href=\"https:\/\/blocs.tinet.cat\/blog\/el-bloc-del-joan-ruiz\">El bloc de Juan Ruiz<\/a><\/li>\n<li><a href=\"http:\/\/carlesjcepero.bloc.cat\/\">Bloc de Carles Cepero<\/a><\/li>\n<li><a href=\"http:\/\/www.alexmasllorens.blogspot.com\/\">Bloc d&#8217;\u00c0lex Masllorens<\/a><\/li>\n<li><a href=\"http:\/\/salodelspenjats.blogspot.com\/\">Sal\u00f3 dels penjats<\/a><\/li>\n<li><a href=\"https:\/\/blocs.tinet.cat\/blog\/pablo\">Bloc de Pau P\u00e9rez<\/a><\/li>\n<li><a href=\"http:\/\/www.nuriasegu.com\/\">Bloc de N\u00faria Seg\u00fa<\/a><\/li>\n<li><a href=\"http:\/\/pacoboya.blogspot.com\/\">Bloc de Paco Boya<\/a><\/li>\n<li><a href=\"http:\/\/www.piabosch.cat\/\">Bloc de Pia Bosch<\/a><\/li>\n<li><a href=\"http:\/\/salvat.blogspot.com\/\">Bloc de Jordi Salvat<\/a><\/li>\n<li><a href=\"https:\/\/blocs.tinet.org\/blog\/bego\">Bloc de Bego Floria<\/a><\/li>\n<li><a href=\"http:\/\/tcomin.blogspot.com\/\">Bloc de Toni Com\u00edn<\/a><\/li>\n<li><a href=\"http:\/\/carmevalls.blogspot.com\/\">Bloc de Carme Valls<\/a><\/li>\n<li><a href=\"http:\/\/www.jmbalcells.blogspot.com\/\">Bloc de Josep M. Balcells<\/a><\/li>\n<li><a href=\"http:\/\/elnotaripuntcom.blogspot.com\/\">El Notari.com<\/a><\/li>\n<li><a title=\"El bloc de Jaume Pros\" href=\"http:\/\/www.jaumepros.blogspot.com\/\">El bloc de Jaume Pros<\/a><\/li>\n<li><a title=\"Bloc sense fils\" href=\"http:\/\/blocs.mesvilaweb.cat\/sgordillo\">Bloc de Sa\u00fcl Gordillo<\/a><\/li>\n<li><a href=\"http:\/\/participemosjuntos.blogspot.com\/\">En mi nombre, s\u00ed<\/a><\/li>\n<li><a href=\"http:\/\/www.pelcanvi.org\/blocs\/index.htm\">Els blocs de CpC<\/a><\/li>\n<li><a href=\"https:\/\/blocs.tinet.org\/blog\/xavier-sabate\">Bloc de Xavier Sabat\u00e9<\/a><\/li>\n<li><a href=\"http:\/\/www.parlament.cat\/portal\/page\/portal\/pcat\/IE07\/IE0701?pg=462\">Diputats i Diputades SOC-CpC<\/a><\/li>\n<li><a href=\"http:\/\/www.iceta.cat\/\">Diari de Miquel Iceta<\/a><\/li>\n<\/ul>\n<\/li>\n<li><strong>Enlla\u00e7os d&#8217;inter\u00e8s<\/strong>\n<ul>\n<li><a href=\"http:\/\/www.delibera.info\/\">Delibera<\/a><\/li>\n<li><a href=\"http:\/\/www.iceta.org\/material.htm\">Web de Miquel Iceta<\/a><\/li>\n<li><a href=\"http:\/\/www.noucicle.org\/i_portada.php\">Nou Cicle<\/a><\/li>\n<li><a href=\"http:\/\/www.vnavarro.org\/\">Web de Vicen\u00e7 Navarro<\/a><\/li>\n<li><a href=\"http:\/\/www.mujeresenred.net\/\">Mujeres en red<\/a><\/li>\n<li><a href=\"http:\/\/socialistes.org\/ambit\/tarragona\/Noticies\/default.asp?953878583471179\">PSC &#8211; Tarragona<\/a><\/li>\n<li><a href=\"http:\/\/www.seglexx1.com\/\">Catalunya segle XXI<\/a><\/li>\n<li><a href=\"http:\/\/www.democraciaweb.org\/\">Democr\u00e0cia web<\/a><\/li>\n<li><a href=\"http:\/\/www.socialistes.org\/home\/\">Partit dels Socialistes de Catalunya<\/a><\/li>\n<li><a href=\"http:\/\/www.pelcanvi.org\/\">Ciutadans pel Canvi<\/a><\/li>\n<li><a href=\"http:\/\/www.lleielectoral.cat\/\">Per una llei electoral de Catalunya<\/a><\/li>\n<\/ul>\n<\/li>\n<\/ul>\n<\/li>\n<\/ul>\n","protected":false},"excerpt":{"rendered":"<p>[audio:https:\/\/blocs.tinet.cat\/carmemas\/files\/2011\/03\/Sleep-Away.mp3|titles=Sleep Away] Darreres entrades Canvi de bloc Inici de curs Colgats de neu i a les fosques Blanc nuclear 88.926 signatures ILP Llei electoral In memoriam Hem d&#8217;anar m\u00e9s lluny 10a Convenci\u00f3 CpC La dignitat de Catalunya Contra la corrupci\u00f3 &hellip; <a href=\"https:\/\/blocs.tinet.cat\/carmemas\/bloc-antic\/\">Continua llegint <span class=\"meta-nav\">&rarr;<\/span><\/a><\/p>\n","protected":false},"author":99,"featured_media":0,"parent":0,"menu_order":0,"comment_status":"open","ping_status":"open","template":"","meta":{"footnotes":""},"class_list":["post-2","page","type-page","status-publish","hentry"],"_links":{"self":[{"href":"https:\/\/blocs.tinet.cat\/carmemas\/wp-json\/wp\/v2\/pages\/2","targetHints":{"allow":["GET"]}}],"collection":[{"href":"https:\/\/blocs.tinet.cat\/carmemas\/wp-json\/wp\/v2\/pages"}],"about":[{"href":"https:\/\/blocs.tinet.cat\/carmemas\/wp-json\/wp\/v2\/types\/page"}],"author":[{"embeddable":true,"href":"https:\/\/blocs.tinet.cat\/carmemas\/wp-json\/wp\/v2\/users\/99"}],"replies":[{"embeddable":true,"href":"https:\/\/blocs.tinet.cat\/carmemas\/wp-json\/wp\/v2\/comments?post=2"}],"version-history":[{"count":0,"href":"https:\/\/blocs.tinet.cat\/carmemas\/wp-json\/wp\/v2\/pages\/2\/revisions"}],"wp:attachment":[{"href":"https:\/\/blocs.tinet.cat\/carmemas\/wp-json\/wp\/v2\/media?parent=2"}],"curies":[{"name":"wp","href":"https:\/\/api.w.org\/{rel}","templated":true}]}}