{"id":347,"date":"2015-12-30T11:16:44","date_gmt":"2015-12-30T10:16:44","guid":{"rendered":"https:\/\/blocs.tinet.cat\/caminsoblidats\/?page_id=347"},"modified":"2017-03-19T12:58:13","modified_gmt":"2017-03-19T11:58:13","slug":"decaminsoblidats","status":"publish","type":"page","link":"https:\/\/blocs.tinet.cat\/caminsoblidats\/decaminsoblidats\/","title":{"rendered":"Camins oblidats"},"content":{"rendered":"<p style=\"text-align: justify\">Dels centenars de camins que han existit, avui en dia molts han desaparegut. Alguns dels camins principals que comunicaven pobles, llogarets, masos han estat bandejats per pistes. Altres camins que feien drecera, s&#8217;usaven pels ramats o per feinejar al bosc van deixar d&#8217;\u00e9sser \u00fatils.<\/p>\n<p style=\"text-align: justify\">En el mapes d&#8217;avui en dia sols n&#8217;hi apareixen una tria, confosos amb pistes i rastres fotointerpretats.. Alguns camins han estat seleccionats i han estat marcats i pintats per a qu\u00e8 els senderistes els puguin seguir, fent que es dificulta m\u00e9s encara la perviv\u00e8ncia dels altres camins, paradoxalment.<\/p>\n<p style=\"text-align: justify\">N&#8217;he visitat i revisitat alguns d&#8217;ells, pocs a pesar meu. S\u00f3n un bonic patrimoni que, tot i aix\u00f2, encara perdura amagat com est\u00e0. Juntament a ells, hom hi pot trobar restes de carboneres, cabanes i casetes, abrics i coves apariades, fontetes i cisternes perdudes, marges que aguanten i altres que cauen.<\/p>\n<p style=\"text-align: justify\">El patrimoni mig perdut al conjunt de les Muntanyes de Prades \u00e9s molt ampli i variat. Descobrir-lo i registrar-lo \u00e9s una feinada immensa i inabastable actualment.<\/p>\n<p style=\"text-align: justify\">Des d&#8217;ac\u00ed, es pret\u00e9n compilar i cartografiar camins m\u00e9s o menys importants que avui resten oblidats. La planimetria d&#8217;aquests camins les posem a disposici\u00f3 de qui li pugui convenir. Malauradament, algun cam\u00ed recuperat ha servit pel pas de motos que han erosionat en poc temps els pocs empedrats que hi perduraven. La inoper\u00e0ncia del servei p\u00fablic que haurien d&#8217;esguardar aquest patrimoni al Baix Camp \u00e9s, doncs aix\u00f2, totalment inoperatiu. En els darrers temps, la \u00a0degradaci\u00f3 de camins vells del termes d&#8217;Arbol\u00ed, Alforja i Vilaplana ha anat en augment i les trialeres que s&#8217;hi van formant s\u00f3n cada cop m\u00e9s fondes.<\/p>\n<p style=\"text-align: justify\">Aix\u00ed, queden registrats aquests camins oblidats amb la intenci\u00f3 de recuperar la seva mem\u00f2ria i el seu tra\u00e7at en el possible, per a qu\u00e8, quan toqui, es puguin recuperar i tornar a transitar-hi.<\/p>\n","protected":false},"excerpt":{"rendered":"<p>Dels centenars de camins que han existit, avui en dia molts han desaparegut. Alguns dels camins principals que comunicaven pobles, llogarets, masos han estat bandejats per pistes. Altres camins que feien drecera, s&#8217;usaven pels ramats o per feinejar al bosc &hellip; <a href=\"https:\/\/blocs.tinet.cat\/caminsoblidats\/decaminsoblidats\/\">Continua llegint <span class=\"meta-nav\">&rarr;<\/span><\/a><\/p>\n","protected":false},"author":79,"featured_media":0,"parent":0,"menu_order":0,"comment_status":"open","ping_status":"open","template":"","meta":{"footnotes":""},"class_list":["post-347","page","type-page","status-publish","hentry"],"_links":{"self":[{"href":"https:\/\/blocs.tinet.cat\/caminsoblidats\/wp-json\/wp\/v2\/pages\/347","targetHints":{"allow":["GET"]}}],"collection":[{"href":"https:\/\/blocs.tinet.cat\/caminsoblidats\/wp-json\/wp\/v2\/pages"}],"about":[{"href":"https:\/\/blocs.tinet.cat\/caminsoblidats\/wp-json\/wp\/v2\/types\/page"}],"author":[{"embeddable":true,"href":"https:\/\/blocs.tinet.cat\/caminsoblidats\/wp-json\/wp\/v2\/users\/79"}],"replies":[{"embeddable":true,"href":"https:\/\/blocs.tinet.cat\/caminsoblidats\/wp-json\/wp\/v2\/comments?post=347"}],"version-history":[{"count":0,"href":"https:\/\/blocs.tinet.cat\/caminsoblidats\/wp-json\/wp\/v2\/pages\/347\/revisions"}],"wp:attachment":[{"href":"https:\/\/blocs.tinet.cat\/caminsoblidats\/wp-json\/wp\/v2\/media?parent=347"}],"curies":[{"name":"wp","href":"https:\/\/api.w.org\/{rel}","templated":true}]}}