{"id":2,"date":"2011-07-18T14:55:48","date_gmt":"2011-07-18T14:55:48","guid":{"rendered":"http:\/\/wpblocs.tinet.cat\/plantilla\/?page_id=2"},"modified":"2016-03-19T18:18:51","modified_gmt":"2016-03-19T17:18:51","slug":"quant-a","status":"publish","type":"page","link":"https:\/\/blocs.tinet.cat\/caminsoblidats\/quant-a\/","title":{"rendered":"Quant a"},"content":{"rendered":"<p>Recerca mitjan\u00e7ant les noves tecnologies, la lectura i l&#8217;anar a peu, de vells camins de muntanya que, amb m\u00e9s o menys hist\u00f2ria, formen part del patrimoni natural i paisatg\u00edstic. Amb l&#8217;esperan\u00e7a que el visitant respectu\u00f3s hi transiti de nou.<\/p>\n<p>Contacte: Rafel Ferr\u00e9 Ferr\u00e9 (rafefe@gmail.com)<\/p>\n<p><a rel=\"license\" href=\"http:\/\/creativecommons.org\/licenses\/by-sa\/3.0\/es\/deed.ca\"><img decoding=\"async\" style=\"border-width: 0\" src=\"http:\/\/i.creativecommons.org\/l\/by-sa\/3.0\/es\/88x31.png\" alt=\"Llic\u00e8ncia de Creative Commons\" \/><\/a><br \/>\n<span>Camins de les Muntanyes de Prades<\/span> de <a rel=\"cc:attributionURL\" href=\"https:\/\/blocs.tinet.cat\/caminsoblidats\/\">Camins Oblidats<\/a> est\u00e0 subjecta a una llic\u00e8ncia de <a rel=\"license\" href=\"http:\/\/creativecommons.org\/licenses\/by-sa\/3.0\/es\/deed.ca\">Reconeixement-CompartirIgual 3.0 Espanya de Creative Commons<\/a><br \/>\nCreat a partir d&#8217;una obra disponible a <a rel=\"dct:source\" href=\"https:\/\/blocs.tinet.cat\/caminsoblidats\/\">https:\/\/blocs.tinet.cat\/caminsoblidats\/<\/a><\/p>\n","protected":false},"excerpt":{"rendered":"<p>Recerca mitjan\u00e7ant les noves tecnologies, la lectura i l&#8217;anar a peu, de vells camins de muntanya que, amb m\u00e9s o menys hist\u00f2ria, formen part del patrimoni natural i paisatg\u00edstic. Amb l&#8217;esperan\u00e7a que el visitant respectu\u00f3s hi transiti de nou. Contacte: &hellip; <a href=\"https:\/\/blocs.tinet.cat\/caminsoblidats\/quant-a\/\">Continua llegint <span class=\"meta-nav\">&rarr;<\/span><\/a><\/p>\n","protected":false},"author":79,"featured_media":0,"parent":0,"menu_order":0,"comment_status":"open","ping_status":"open","template":"","meta":{"footnotes":""},"class_list":["post-2","page","type-page","status-publish","hentry"],"_links":{"self":[{"href":"https:\/\/blocs.tinet.cat\/caminsoblidats\/wp-json\/wp\/v2\/pages\/2","targetHints":{"allow":["GET"]}}],"collection":[{"href":"https:\/\/blocs.tinet.cat\/caminsoblidats\/wp-json\/wp\/v2\/pages"}],"about":[{"href":"https:\/\/blocs.tinet.cat\/caminsoblidats\/wp-json\/wp\/v2\/types\/page"}],"author":[{"embeddable":true,"href":"https:\/\/blocs.tinet.cat\/caminsoblidats\/wp-json\/wp\/v2\/users\/79"}],"replies":[{"embeddable":true,"href":"https:\/\/blocs.tinet.cat\/caminsoblidats\/wp-json\/wp\/v2\/comments?post=2"}],"version-history":[{"count":0,"href":"https:\/\/blocs.tinet.cat\/caminsoblidats\/wp-json\/wp\/v2\/pages\/2\/revisions"}],"wp:attachment":[{"href":"https:\/\/blocs.tinet.cat\/caminsoblidats\/wp-json\/wp\/v2\/media?parent=2"}],"curies":[{"name":"wp","href":"https:\/\/api.w.org\/{rel}","templated":true}]}}