{"id":142,"date":"2011-06-22T06:07:55","date_gmt":"2011-06-22T04:07:55","guid":{"rendered":"https:\/\/blocs.tinet.cat\/bandolers\/?page_id=142"},"modified":"2025-07-29T08:35:19","modified_gmt":"2025-07-29T06:35:19","slug":"segle-xxi","status":"publish","type":"page","link":"https:\/\/blocs.tinet.cat\/bandolers\/segle-xxi\/","title":{"rendered":"Segle XXI"},"content":{"rendered":"<p><code> <\/code><\/p>\n<p><strong>La crisi econ\u00f2mica global, la Gran Depressi\u00f3 del Segle XXI<\/strong><\/p>\n<p style=\"text-align: justify\">En totes les principals regions del m\u00f3n la recessi\u00f3 econ\u00f2mica est\u00e0 profundament arrelada la qual cosa provoca un atur generalitzat, el col\u00b7lapse dels programes de benestar social i l&#8217;empobriment de milions de persones.\u00a0La crisi econ\u00f2mica va acompanyada d&#8217;un proc\u00e9s de militaritzaci\u00f3 a escala mundial, una &#8220;guerra sense fronteres&#8221; dirigida pels Estats Units d&#8217;Am\u00e8rica i els seus aliats de l&#8217;OTAN.\u00a0El comportament de la &#8220;llarga guerra&#8221; del Pent\u00e0gon est\u00e0 \u00edntimament relacionat amb la reestructuraci\u00f3 de l&#8217;economia global.<br \/>\nNo ens trobem davant d&#8217;una crisi o recessi\u00f3 econ\u00f2mica definida en sentit limitat.\u00a0L&#8217;arquitectura financera global sustenta uns objectius estrat\u00e8gics i de seguretat nacional.\u00a0L&#8217;agenda militar dels Estats Units i l&#8217;OTAN serveix al seu torn per ratificar a una poderosa elit dels negocis que mina i eclipsa implacablement les funcions del govern civil.<\/p>\n<p style=\"text-align: justify\"><strong><a href=\"https:\/\/blocs.tinet.cat\/bandolers\/files\/2012\/06\/La-crisi-capitalista.pdf\">La crisi capitalista<\/a><\/strong><\/p>\n<p style=\"text-align: justify\">Aquest document pret\u00e9n exposar amb brevetat algunes de les idees necess\u00e0ries per entendre la crisi econ\u00f2mica, assumint que es tracta\u00a0d&#8217;un\u00a0fenomen indestriable del funcionament del sistema capitalista. Ens relata els esdeveniments m\u00e9s destacats que s&#8217;han anat succeint i les conseq\u00fc\u00e8ncies que ha provocat, des\u00a0d&#8217;una\u00a0\u00f2ptica anticapitalista i posant accent en les repercussions sobre la classe treballadora.<\/p>\n<p style=\"text-align: justify\"><strong>Feli\u00e7 bitllet!\u00a0 Bandidatge<\/strong><\/p>\n<p style=\"text-align: justify\">Actuaci\u00f3 de qui, apartant-se d\u2019una vida social normal, es dedica al robatori, al furt, a atemptats a les persones i a altres actes de car\u00e0cter delictiu, sovint formant colla armada amb un prop\u00f2sit d\u2019actuaci\u00f3 comuna sota la direcci\u00f3 d\u2019un cap. Els actes de bandidatge constitueixen individualment delictes castigats penalment, i tamb\u00e9 hi ha legislacions penals que castiguen espec\u00edficament el bandidatge com a actuaci\u00f3 de conjunt. Alguns ordenaments jur\u00eddics s\u2019adrecen a tipificar com a tal certes actuacions amb motivacions pol\u00edtiques o socials.<\/p>\n<p style=\"text-align: justify\">Doncs s\u00ed, F\u00e8lix\u00a0Millet podria ser un dels \u00faltims bandolers, saltejador del Palau de la M\u00fasica Catalana, que amb una vida social aparentment normal a dedicat part de la seva vida al robatori, al furt, segurament amb c\u00f2mplices, amb una colla de malfactors que de ben segur es feien els sorts, muts i cecs, aix\u00f2 si ben untats. De fet els bandolers els tenim presents i d\u2019una manera interrompuda des de els s. XIV fins ara. L\u2019historia ha posat dins al mateix sac als guerrilles i als lladres de camins, saltejadors. Els guerrillers tenen un motiu pol\u00edtic i els saltejadors moltes vegades es posen al costat que m\u00e9s els conv\u00e9.<\/p>\n<p style=\"text-align: justify\">Per fer les seves malifetes anaven prove\u00efts del trabuc.\u00a0El temps passa per\u00f2 el bandoler no s\u2019atura, canvia el trabuc per el barret i el bast\u00f3, els camins ja no son al bosc, ara son a les immobili\u00e0ries, els bancs, a les subvencions, a les factures, als percentatges dels amics, als ajuntaments, a la informaci\u00f3 privilegiada, ara ja porta la banda, la banda de regidor, fins i tot la creu de Sant Jordi.\u00a0On anirem a parar.<\/p>\n<p style=\"text-align: justify\"><strong>-2011<\/strong><\/p>\n<p><strong>St\u00e9phane Hessel<\/strong><\/p>\n<p><strong><a href=\"http:\/\/www.bsolot.info\/wp-content\/uploads\/2011\/04\/Hessel_Stephane-Indigneu_vos1.pdf\">Indigneu-vos<\/a><\/strong><\/p>\n<p style=\"text-align: justify\">Despr\u00e9s d&#8217;Indigneu-vos llen\u00e7a un nou crit: &#8216;Comprometeu-vos!&#8217;<\/p>\n<p style=\"text-align: justify\">Comprometre&#8217;s significa obrir-se al m\u00f3n que ens envolta. Suposa dir, en contra del determinisme hist\u00f2ric, que hi ha alguna cosa per inventar. \u00c9s el contrari bdel derrotisme i la resignaci\u00f3&#8221;. Amb aquestes paraules i despr\u00e9s de l&#8217;\u00e8xit d&#8217;Indigneu-vos!&#8217;, del qual se n&#8217;han venut 25.000 exemplars en catal\u00e0 i 450.000 en castell\u00e0, St\u00e9phane Hessel (Berl\u00edn, 1917) torna a la c\u00e0rrega amb &#8216;Comprometeu-vos! Ja no n&#8217;hi ha prou amb indignar-se&#8217; (Destino) en qu\u00e8 insta els &#8216;indignats&#8217; d&#8217;arreu del m\u00f3n a fer una passa m\u00e9s. En aquesta ocasi\u00f3, per\u00f2, no es tracta d&#8217;un manifest, sin\u00f3 d&#8217;una conversa amb el jove activista Gilles Vanderpooten que aquest dimarts sortir\u00e0 a la venda en castell\u00e0 i un dia m\u00e9s tard en catal\u00e0.<\/p>\n<p style=\"text-align: justify\">Va n\u00e9ixer al Berl\u00edn del 1917, per\u00f2 des dels set anys St\u00e9phane Hessel ha viscut a Par\u00eds. Just quan comen\u00e7ava els estudis superiors, a l&#8217;any 39, va ser mobilitzat i dos anys despr\u00e9s es va unir a la resist\u00e8ncia francesa i, a Londres, a la Fran\u00e7a Lliure del general De Gaulle.<\/p>\n<p style=\"text-align: justify\">Empresonat per la Gestapo al 1944 i escapat de la mort al camp de concentraci\u00f3 de Buchenwald, St\u00e9phane Hessel ha saltat als aparadors de totes les llibreries als seus 94 anys amb el manifest &#8216;Indigneu-vos!&#8217; (Destino), un text que animava els joves a reaccionar davant aquesta crisi global i que en poques setmanes es va posicionar en els primers llocs de les vendes de no-ficci\u00f3.<\/p>\n<p style=\"text-align: justify\">Les seves paraules van calar profundament en la consci\u00e8ncia dels joves que el passat 15 de maig van sortir al carrer per mostrar el seu descontentament amb el sistema pol\u00edtic i econ\u00f2mic i que aquest passat diumenge van treure milers de persones al carrer sota el lema &#8216;El carrer \u00e9s nostre, no pagarem la seva crisi&#8217;. Considerat una de les icones de l&#8217;anomenat moviment dels &#8216;indignats&#8217;, ara H\u00e9ssel llen\u00e7a un nou crit: &#8216;Comprometeu-vos!&#8217;<\/p>\n<p style=\"text-align: justify\"><strong>La generaci\u00f3 dels 80<\/strong><\/p>\n<p style=\"text-align: justify\">Inclou aquells que van n\u00e9ixer a partir dels anys 80 i que hores d\u2019ara veuen com els seus projectes de vida no poden evolucionar, ni en l\u2019\u00e0mbit laboral ni en el personal. En molts casos, viuen gr\u00e0cies a la caritat dels pares i avis,\u00a0mentre\u00a0els representants p\u00fablics es reparteixen sous vergonyosos, favors, subvencions i tota mena de privilegis.<\/p>\n<p style=\"text-align: justify\">Tota una generaci\u00f3 perduda, que sempre tindr\u00e0 dificultats per accedir al m\u00f3n laboral. Probablement la m\u00e9s ben preparada. Suposadament i haur\u00e0 una reactivaci\u00f3 del mercat laboral, per\u00f2 aquests llocs de treball seran ocupats per la generaci\u00f3 precedent.<\/p>\n<p style=\"text-align: justify\">Considerant que per neglig\u00e8ncia, la classe pol\u00edtica i sindical, s\u00f3n responsables directes d&#8217;aquesta situaci\u00f3; ho denuncio p\u00fablicament.<\/p>\n<p>&nbsp;<\/p>\n<p>&nbsp;<\/p>\n<p><strong>Els bandolers corruptes continuen fent de les seves.<\/strong><\/p>\n<p>&nbsp;<\/p>\n<p>&nbsp;<\/p>\n<p>El cas B\u00e1rcenas<br \/>\nEl cas Brugal<br \/>\nEl cas Carlos Fabra<br \/>\nEl cas Clotilde<br \/>\nEl cas Cooperaci\u00f3<br \/>\nEl cas dels Vestits<br \/>\nEl cas G\u00fcrtel<br \/>\nEl cas G\u00fcrtel-Pa\u00eds Valenci\u00e0<br \/>\nEl cas Hotel del Palau<br \/>\nEl cas ITV<br \/>\nEl cas de la Junta d&#8217;Andalucia<br \/>\nEl cas Manga<br \/>\nEl cas Mercuri<br \/>\nEl cas N\u00f3os<br \/>\nEl cas Palau<br \/>\nEl cas Pret\u00f2ria<br \/>\nEl cas Urdangarin\/Infanta<\/p>\n<p>El cas Bankia<\/p>\n<div><code> <\/code><\/div>\n<p style=\"text-align: justify\">El 25 de juliol de 2014<strong> Jordi Pujol<\/strong> va confessar per mitj\u00e0 d&#8217;un comunicat personal que havia mantingut durant 34 anys, incloent els 23 en qu\u00e8 va ser president de de la Generalitat, &#8216;diners ubicats a l&#8217;estranger&#8217; provinents d&#8217;una deixa del seu pare, Florenci Pujol i Brugat, i que no els havia regularitzat perqu\u00e8 no &#8216;va trobar mai el moment adient&#8217;. El cas es troba actualment sota investigaci\u00f3 judicial.<\/p>\n<p style=\"text-align: justify\">El cas Rita<\/p>\n<p style=\"text-align: justify\">&#8211; El Consorci Internacional de Periodistes d&#8217;investigaci\u00f3 (ICIJ) acaba de destapar amb els &#8220;papers de Panam\u00e0&#8221;\u00a0nombrosos casos de corrupci\u00f3. Fins a quan sentirem parlar de corrupci\u00f3?<\/p>\n<p style=\"text-align: justify\">&#8211; Anem a l&#8217;origen dels paradisos fiscals&#8230; Existeixen perqu\u00e8 els mateixos estats ho permeten. I per qu\u00e8? Perqu\u00e8 els beneficiaris s\u00f3n les grans corporacions empresarials financeres barrejades amb els pol\u00edtics. El govern mundial est\u00e0 en els paradisos fiscals.<\/p>\n<p><a href=\"https:\/\/www.upf.edu\/documents\/2846463\/7017093\/corrupciopolitica.pdf\/f0a12919-4232-4e94-1a61-7a0e2ec80ebb\">Estudi de la corrupci\u00f3 pl\u00edtica<\/a> (Priscil.la Balsera L\u00f3pez)<\/p>\n<p style=\"text-align: justify\">El Cas Villarejo<\/p>\n<p style=\"text-align: justify\">La Kitchen<\/p>\n<p style=\"text-align: justify\">La monarquia , Juan Carlos de Borbon<\/p>\n<p>&nbsp;<\/p>\n<p><strong>2025<\/strong><\/p>\n<p>El llistat de corruptes no t\u00e9 fi.<\/p>\n<p>&nbsp;<\/p>\n<p><strong>Bandejat<\/strong><\/p>\n<p>Malfactor reclamat per la just\u00edcia. Si continuen els bandolers i cada vegada m\u00e9s sofisticats, pol\u00edtics i empresaris, corruptes i corruptors, porten a la ciutadania a greus conseq\u00fc\u00e8ncies; desconfian\u00e7a als pol\u00edtics, desigualtat i economia deficient.<\/p>\n<p><a href=\"https:\/\/blocs.tinet.cat\/bandolers\/segles-xx\/\">Anterior<\/a><\/p>\n","protected":false},"excerpt":{"rendered":"<p>La crisi econ\u00f2mica global, la Gran Depressi\u00f3 del Segle XXI En totes les principals regions del m\u00f3n la recessi\u00f3 econ\u00f2mica est\u00e0 profundament arrelada la qual cosa provoca un atur generalitzat, el col\u00b7lapse dels programes de benestar social i l&#8217;empobriment de &hellip; <a href=\"https:\/\/blocs.tinet.cat\/bandolers\/segle-xxi\/\">Continua llegint <span class=\"meta-nav\">&rarr;<\/span><\/a><\/p>\n","protected":false},"author":182,"featured_media":0,"parent":0,"menu_order":12,"comment_status":"closed","ping_status":"open","template":"onecolumn-page.php","meta":{"footnotes":""},"class_list":["post-142","page","type-page","status-publish","hentry"],"_links":{"self":[{"href":"https:\/\/blocs.tinet.cat\/bandolers\/wp-json\/wp\/v2\/pages\/142","targetHints":{"allow":["GET"]}}],"collection":[{"href":"https:\/\/blocs.tinet.cat\/bandolers\/wp-json\/wp\/v2\/pages"}],"about":[{"href":"https:\/\/blocs.tinet.cat\/bandolers\/wp-json\/wp\/v2\/types\/page"}],"author":[{"embeddable":true,"href":"https:\/\/blocs.tinet.cat\/bandolers\/wp-json\/wp\/v2\/users\/182"}],"replies":[{"embeddable":true,"href":"https:\/\/blocs.tinet.cat\/bandolers\/wp-json\/wp\/v2\/comments?post=142"}],"version-history":[{"count":0,"href":"https:\/\/blocs.tinet.cat\/bandolers\/wp-json\/wp\/v2\/pages\/142\/revisions"}],"wp:attachment":[{"href":"https:\/\/blocs.tinet.cat\/bandolers\/wp-json\/wp\/v2\/media?parent=142"}],"curies":[{"name":"wp","href":"https:\/\/api.w.org\/{rel}","templated":true}]}}