{"id":49,"date":"2012-06-02T18:00:02","date_gmt":"2012-06-02T18:00:02","guid":{"rendered":"https:\/\/blocs.tinet.cat\/actac\/?page_id=49"},"modified":"2012-06-02T18:00:02","modified_gmt":"2012-06-02T18:00:02","slug":"benvinguts-2","status":"publish","type":"page","link":"https:\/\/blocs.tinet.cat\/actac\/benvinguts-2","title":{"rendered":"Benvinguts"},"content":{"rendered":"<p>Benvinguts\/des a la nova web de l\u2019Associaci\u00f3 Cultural Tarragonina d\u2019Amics\/gues Castellers\/es, l\u2019Actac.<\/p>\n<p style=\"text-align: center\"><img loading=\"lazy\" decoding=\"async\" class=\"aligncenter\" src=\"https:\/\/lh5.googleusercontent.com\/-nkWofweVblk\/T8J23ujUH3I\/AAAAAAAAAgs\/cSEWihJz2pg\/s800\/castellers_20110309125300.jpg\" alt=\"\" width=\"449\" height=\"290\" \/><\/p>\n<p>La nostra associaci\u00f3 \u00e9s va constituir formalment el 16 de novembre de 2010 &#8211; el mateix dia en que els castells van ser proclamats per la Unesco Patrimoni Inmaterial de la Humanitat &#8211; i t\u00e9 com objectiu mantenir, divulgar i mostrar les activitats culturals i festives al voltant del m\u00f3n casteller tarragon\u00ed.<\/p>\n<p>No pretenem ser la cinquena colla de la ciutat, ni identificar-nos amb cap altra colla castellera. Volem complementar la festa dels castells centrant-nos en la seva part m\u00e9s l\u00fadica, el plaer de fer castells en un ambient dist\u00e8s i sense pressi\u00f3.<\/p>\n<p>Esperem que la web sigui del vostre agrat i que gaudiu d\u2019ella i del fet casteller.<\/p>\n","protected":false},"excerpt":{"rendered":"<p>Benvinguts\/des a la nova web de l\u2019Associaci\u00f3 Cultural Tarragonina d\u2019Amics\/gues Castellers\/es, l\u2019Actac. La nostra associaci\u00f3 \u00e9s va constituir formalment el 16 de novembre de 2010 &#8211; el mateix dia en que els castells van ser proclamats per la Unesco Patrimoni &hellip; <a href=\"https:\/\/blocs.tinet.cat\/actac\/benvinguts-2\">Continua llegint <span class=\"meta-nav\">&rarr;<\/span><\/a><\/p>\n","protected":false},"author":406,"featured_media":0,"parent":0,"menu_order":0,"comment_status":"closed","ping_status":"open","template":"","meta":{"footnotes":""},"class_list":["post-49","page","type-page","status-publish","hentry"],"_links":{"self":[{"href":"https:\/\/blocs.tinet.cat\/actac\/wp-json\/wp\/v2\/pages\/49","targetHints":{"allow":["GET"]}}],"collection":[{"href":"https:\/\/blocs.tinet.cat\/actac\/wp-json\/wp\/v2\/pages"}],"about":[{"href":"https:\/\/blocs.tinet.cat\/actac\/wp-json\/wp\/v2\/types\/page"}],"author":[{"embeddable":true,"href":"https:\/\/blocs.tinet.cat\/actac\/wp-json\/wp\/v2\/users\/406"}],"replies":[{"embeddable":true,"href":"https:\/\/blocs.tinet.cat\/actac\/wp-json\/wp\/v2\/comments?post=49"}],"version-history":[{"count":0,"href":"https:\/\/blocs.tinet.cat\/actac\/wp-json\/wp\/v2\/pages\/49\/revisions"}],"wp:attachment":[{"href":"https:\/\/blocs.tinet.cat\/actac\/wp-json\/wp\/v2\/media?parent=49"}],"curies":[{"name":"wp","href":"https:\/\/api.w.org\/{rel}","templated":true}]}}