{"id":28,"date":"2011-12-18T21:59:27","date_gmt":"2011-12-18T21:59:27","guid":{"rendered":"https:\/\/blocs.tinet.cat\/actac\/?page_id=28"},"modified":"2012-06-02T16:00:32","modified_gmt":"2012-06-02T16:00:32","slug":"qui-som","status":"publish","type":"page","link":"https:\/\/blocs.tinet.cat\/actac\/lactac-2\/qui-som","title":{"rendered":"Qui som?"},"content":{"rendered":"<p>ACTAC (Associaci\u00f3 Cultural Tarragonina d\u2019Amics\/gues Castellers\/es)<\/p>\n<p><em>Com va comen\u00e7ar tot.<\/em><\/p>\n<p><em>Un dia de setembre de 2008, veient l\u2019actuaci\u00f3 d\u2019una colla de la ciutat, vaig comen\u00e7ar a recordar l\u2019\u00e8poca d\u2019adolescent de quan jo pertanyia a una d\u2019elles i gaud\u00edem de les sortides que ten\u00edem,\u00a0passant-nos-ho molt b\u00e9 i sense cap m\u00e9s pretensi\u00f3 per part de ning\u00fa. Aleshores a Tarragona encara que no us ho creieu solament hi havia una colla, que feia castells de sis i festejava\u00a0vestir castells de set i set i mig amb sufici\u00e8ncia al final de la temporada. No oblidem que totes les colles actuals de la nostra ciutat que ara han assolit grans castells han passat al llarg de la seva historia per aquesta situaci\u00f3.<\/em><\/p>\n<p><em>Doncs b\u00e9, tal com us deia, veient aquesta actuaci\u00f3 i rememorant aquests records em vaig dir a mi mateix si seria possible fer aqu\u00ed a Tarragona una agrupaci\u00f3, associaci\u00f3, o el que fora, amb un grup de gent que volgu\u00e9s recuperar aquell esperit d\u2019abans, l\u2019esperit de fer sortides i activitats senzillament per passar-s\u2019ho b\u00e9. <\/em><\/p>\n<p><a target=\"_blank\" href=\"https:\/\/picasaweb.google.com\/117397791165315171077\/RodaDePremsa?authuser=0&amp;feat=directlink\"><img loading=\"lazy\" decoding=\"async\" alt=\"Cartell Actac\" src=\"https:\/\/lh4.googleusercontent.com\/-937GpvKGQLw\/T8J19Dg1rCI\/AAAAAAAAAZM\/5yg7PM0q1PE\/s400\/DSC_4895__Copiar__20110811094827.jpg\" class=\"aligncenter\" width=\"400\" height=\"261\" \/><\/a><\/p>\n<p><em>Ha estat aix\u00ed com ha nascut la nostra associaci\u00f3 ACTAC. Cap a la meitat de l\u2019any 2009 vaig comen\u00e7ar a fer una s\u00e8rie de contactes amb amics castellers i vaig entreveure una sensaci\u00f3 estranya: vaig notar all\u00f2 que se\u2019n diu \u201cfiling\u201d. A tothom que li anava explicant la idea em deia que compt\u00e9s amb ell, i aix\u00ed l\u2019un darrera l\u2019altre fins que junt amb sis d\u2019aquests amics vam decidir reunir-nos un dia per fer un esmorzar i tenir un intercanvi d\u2019impressions al respecte.<\/em><\/p>\n<p><em>Dit i fet, un dissabte del mes d\u2019octubre 27 de 2010 ens vam trobar per primer cop els set a un conegut bar de Tarragona (el Bar Super, del carrer Reding), on despr\u00e9s d\u2019esmorzar vam contrastar les nostres idees i sobretot vam coincidir en una q\u00fcesti\u00f3: que aquesta Associaci\u00f3 mai seria un motiu de venjan\u00e7a envers cap de les colles castelleres ja existents, mai es coincidiria en cap actuaci\u00f3 de les colles de la ciutat, ni es podria portar cap emblema o pe\u00e7a de roba que s\u2019identifiqu\u00e9s amb alguna d\u2019elles, salvant de la faixa i el mocador, s\u00edmbols universals del m\u00f3n casteller. <\/em><\/p>\n<p style=\"text-align: center\"><em> <\/em><\/p>\n<p><em><a target=\"_blank\" href=\"https:\/\/picasaweb.google.com\/117397791165315171077\/FotosSocis?authuser=0&amp;feat=directlink\"><img loading=\"lazy\" decoding=\"async\" class=\"aligncenter\" src=\"https:\/\/lh5.googleusercontent.com\/-vvlKlw4Grrg\/T8J4CzJHKVI\/AAAAAAAAAuc\/q8Nz8YyBnGo\/s400\/IMG_0168_20110620125343.JPG\" alt=\"Reunio inicial\" width=\"400\" height=\"300\" \/><\/a><\/em><\/p>\n<p><em> <\/em><\/p>\n<p><em> <\/em><\/p>\n<p><em> <\/em><\/p>\n<p><em> Aclarits aquests principis, vam quedar per una altra trobada concretament el 27 de novembre per fer una nova reuni\u00f3 m\u00e9s oficial. Aquella reuni\u00f3 va servir per marcar les bases que donarien lloc als nostres estatuts i decidir els passos que s\u2019haurien de fer per donar lloc al naixement de la nostra Associaci\u00f3. <\/em><\/p>\n<p><em>Perqu\u00e8 quedi escrit per l\u2019eternitat i com a homentatge a aquest grup d\u2019amics, hi constem com a socis fundadors les seg\u00fcents persones: Daniel Grant Vela, Daniel Valverde Angl\u00e8s, Miquel \u00c0ngels Rodr\u00edguez, Josep Rold\u00e1n Sorde, Salvador Molina Ferr\u00e9, V\u00edctor Pomerol Espa\u00f1ol,i jo mateix, Ramon G\u00f3mez Torres, que d\u2019alguna manera s\u00f3c l\u2019impulsor d\u2019aquesta idea, per\u00f2 que sense els\u00a0meus companys aquest fet no s\u2019hagu\u00e9s pogut portar a terme.<\/em><\/p>\n<p><em>Finalment, un mes despr\u00e9s (el 27 de desembre de 2010), va ser el dia escollit per presentar la documentaci\u00f3 davant dels estaments oficials, Generalitat i Hisenda, per a veure com a poc a poc en un futur no molt lluny\u00e0 la nostra Associaci\u00f3 vagi agafant protagonisme i es vagi fent gran.<\/em><\/p>\n<p><em>El mes de gener de 2011 vam rebre la notificaci\u00f3 on erem inscrits oficialment com a Associaci\u00f3 per la Generalitat de Catalunya, destacant que en els nostres Estatuts i a l\u2019Acta Fundacional hi consta com a data de constituci\u00f3 el 16 de novembre de 2010, dia en el qual els Castells eren reconeguts per la  UNESCO com a Patrimoni Immaterial de la Humanitat.<\/em><\/p>\n<p><em>Ramon G\u00f3mez.<\/em><\/p>\n","protected":false},"excerpt":{"rendered":"<p>ACTAC (Associaci\u00f3 Cultural Tarragonina d\u2019Amics\/gues Castellers\/es) Com va comen\u00e7ar tot. Un dia de setembre de 2008, veient l\u2019actuaci\u00f3 d\u2019una colla de la ciutat, vaig comen\u00e7ar a recordar l\u2019\u00e8poca d\u2019adolescent de quan jo pertanyia a una d\u2019elles i gaud\u00edem de les &hellip; <a href=\"https:\/\/blocs.tinet.cat\/actac\/lactac-2\/qui-som\">Continua llegint <span class=\"meta-nav\">&rarr;<\/span><\/a><\/p>\n","protected":false},"author":406,"featured_media":0,"parent":20,"menu_order":0,"comment_status":"closed","ping_status":"open","template":"","meta":{"footnotes":""},"class_list":["post-28","page","type-page","status-publish","hentry"],"_links":{"self":[{"href":"https:\/\/blocs.tinet.cat\/actac\/wp-json\/wp\/v2\/pages\/28","targetHints":{"allow":["GET"]}}],"collection":[{"href":"https:\/\/blocs.tinet.cat\/actac\/wp-json\/wp\/v2\/pages"}],"about":[{"href":"https:\/\/blocs.tinet.cat\/actac\/wp-json\/wp\/v2\/types\/page"}],"author":[{"embeddable":true,"href":"https:\/\/blocs.tinet.cat\/actac\/wp-json\/wp\/v2\/users\/406"}],"replies":[{"embeddable":true,"href":"https:\/\/blocs.tinet.cat\/actac\/wp-json\/wp\/v2\/comments?post=28"}],"version-history":[{"count":0,"href":"https:\/\/blocs.tinet.cat\/actac\/wp-json\/wp\/v2\/pages\/28\/revisions"}],"up":[{"embeddable":true,"href":"https:\/\/blocs.tinet.cat\/actac\/wp-json\/wp\/v2\/pages\/20"}],"wp:attachment":[{"href":"https:\/\/blocs.tinet.cat\/actac\/wp-json\/wp\/v2\/media?parent=28"}],"curies":[{"name":"wp","href":"https:\/\/api.w.org\/{rel}","templated":true}]}}