{"id":21,"date":"2011-12-18T21:30:33","date_gmt":"2011-12-18T21:30:33","guid":{"rendered":"https:\/\/blocs.tinet.cat\/actac\/?page_id=21"},"modified":"2012-05-31T14:59:38","modified_gmt":"2012-05-31T14:59:38","slug":"socis-fundadors","status":"publish","type":"page","link":"https:\/\/blocs.tinet.cat\/actac\/lactac-2\/socis-fundadors","title":{"rendered":"Socis fundadors"},"content":{"rendered":"<p>&#8211; Miquel \u00c0ngel D\u00edaz Rodr\u00edguez<\/p>\n<p>&#8211; Ramon G\u00f3mez Torres<\/p>\n<p>&#8211; Daniel Grant Vela<\/p>\n<p>&#8211; Salvador Molina Ferr\u00e9<\/p>\n<p>&#8211; V\u00edctor Pomerol Espa\u00f1ol<\/p>\n<p>&#8211; Josep Rold\u00e1n Sorde<\/p>\n<p>&#8211; Daniel Valverde Angl\u00e8s<\/p>\n","protected":false},"excerpt":{"rendered":"<p>&#8211; Miquel \u00c0ngel D\u00edaz Rodr\u00edguez &#8211; Ramon G\u00f3mez Torres &#8211; Daniel Grant Vela &#8211; Salvador Molina Ferr\u00e9 &#8211; V\u00edctor Pomerol Espa\u00f1ol &#8211; Josep Rold\u00e1n Sorde &#8211; Daniel Valverde Angl\u00e8s<\/p>\n","protected":false},"author":406,"featured_media":0,"parent":20,"menu_order":20,"comment_status":"open","ping_status":"open","template":"","meta":{"footnotes":""},"class_list":["post-21","page","type-page","status-publish","hentry"],"_links":{"self":[{"href":"https:\/\/blocs.tinet.cat\/actac\/wp-json\/wp\/v2\/pages\/21","targetHints":{"allow":["GET"]}}],"collection":[{"href":"https:\/\/blocs.tinet.cat\/actac\/wp-json\/wp\/v2\/pages"}],"about":[{"href":"https:\/\/blocs.tinet.cat\/actac\/wp-json\/wp\/v2\/types\/page"}],"author":[{"embeddable":true,"href":"https:\/\/blocs.tinet.cat\/actac\/wp-json\/wp\/v2\/users\/406"}],"replies":[{"embeddable":true,"href":"https:\/\/blocs.tinet.cat\/actac\/wp-json\/wp\/v2\/comments?post=21"}],"version-history":[{"count":0,"href":"https:\/\/blocs.tinet.cat\/actac\/wp-json\/wp\/v2\/pages\/21\/revisions"}],"up":[{"embeddable":true,"href":"https:\/\/blocs.tinet.cat\/actac\/wp-json\/wp\/v2\/pages\/20"}],"wp:attachment":[{"href":"https:\/\/blocs.tinet.cat\/actac\/wp-json\/wp\/v2\/media?parent=21"}],"curies":[{"name":"wp","href":"https:\/\/api.w.org\/{rel}","templated":true}]}}