{"id":13,"date":"2011-11-23T11:29:42","date_gmt":"2011-11-23T11:29:42","guid":{"rendered":"https:\/\/blocs.tinet.cat\/actac\/?page_id=13"},"modified":"2014-08-14T15:50:13","modified_gmt":"2014-08-14T15:50:13","slug":"junta-directiva","status":"publish","type":"page","link":"https:\/\/blocs.tinet.cat\/actac\/lactac-2\/junta-directiva","title":{"rendered":"Junta directiva"},"content":{"rendered":"<p><strong>President:<\/strong> Ramon G\u00f3mez Torres<\/p>\n<p><strong>Vicepresident:<\/strong> Josep Rold\u00e1n Sorde<\/p>\n<p><strong>Secretari:<\/strong> V\u00edctor Pomerol Espa\u00f1ol<\/p>\n<p><strong>Tresorer:<\/strong> Albert Cortada Aus\u00edn<\/p>\n<p><strong>Vocals:<\/strong> Daniel Grant Vela, Jordi Ortiz Pallej\u00e0, Miquel \u00c0ngel D\u00edaz Rodr\u00edguez, Vicen\u00e7 Verg\u00e8s Ramos, David Miranda Garc\u00eda, Josep Ramon Tules Armela, Carla Pomerol Dalmau, Adriana G\u00f3mez Ib\u00e1\u00f1ez.<\/p>\n","protected":false},"excerpt":{"rendered":"<p>President: Ramon G\u00f3mez Torres Vicepresident: Josep Rold\u00e1n Sorde Secretari: V\u00edctor Pomerol Espa\u00f1ol Tresorer: Albert Cortada Aus\u00edn Vocals: Daniel Grant Vela, Jordi Ortiz Pallej\u00e0, Miquel \u00c0ngel D\u00edaz Rodr\u00edguez, Vicen\u00e7 Verg\u00e8s Ramos, David Miranda Garc\u00eda, Josep Ramon Tules Armela, Carla Pomerol Dalmau, &hellip; <a href=\"https:\/\/blocs.tinet.cat\/actac\/lactac-2\/junta-directiva\">Continua llegint <span class=\"meta-nav\">&rarr;<\/span><\/a><\/p>\n","protected":false},"author":406,"featured_media":0,"parent":20,"menu_order":10,"comment_status":"open","ping_status":"open","template":"","meta":{"footnotes":""},"class_list":["post-13","page","type-page","status-publish","hentry"],"_links":{"self":[{"href":"https:\/\/blocs.tinet.cat\/actac\/wp-json\/wp\/v2\/pages\/13","targetHints":{"allow":["GET"]}}],"collection":[{"href":"https:\/\/blocs.tinet.cat\/actac\/wp-json\/wp\/v2\/pages"}],"about":[{"href":"https:\/\/blocs.tinet.cat\/actac\/wp-json\/wp\/v2\/types\/page"}],"author":[{"embeddable":true,"href":"https:\/\/blocs.tinet.cat\/actac\/wp-json\/wp\/v2\/users\/406"}],"replies":[{"embeddable":true,"href":"https:\/\/blocs.tinet.cat\/actac\/wp-json\/wp\/v2\/comments?post=13"}],"version-history":[{"count":0,"href":"https:\/\/blocs.tinet.cat\/actac\/wp-json\/wp\/v2\/pages\/13\/revisions"}],"up":[{"embeddable":true,"href":"https:\/\/blocs.tinet.cat\/actac\/wp-json\/wp\/v2\/pages\/20"}],"wp:attachment":[{"href":"https:\/\/blocs.tinet.cat\/actac\/wp-json\/wp\/v2\/media?parent=13"}],"curies":[{"name":"wp","href":"https:\/\/api.w.org\/{rel}","templated":true}]}}