{"id":45,"date":"2012-01-27T18:02:35","date_gmt":"2012-01-27T18:02:35","guid":{"rendered":"https:\/\/blocs.tinet.cat\/acarn\/?page_id=45"},"modified":"2019-05-15T06:14:28","modified_gmt":"2019-05-15T06:14:28","slug":"victimes-de-1811","status":"publish","type":"page","link":"https:\/\/blocs.tinet.cat\/acarn\/victimes-de-1811\/","title":{"rendered":"V\u00edctimes de 1811"},"content":{"rendered":"<p>El 28 de juny de 1811 els francesos assaltaren, amb \u00e8xit, la ciutat de Tarragona. Les indescriptibles escennes d&#8217;engoixa, crueldat i iniquitat que van causar els militars napole\u00f2nics, han estat descrites en el n\u00famero especial de la revista, el 16, corresponent al maig de 2011. Per\u00f2 m\u00e9s enll\u00e0 de l&#8217;amargor del record i de la fredor de les xifres, estan els noms i cognoms de les v\u00edctimes d&#8217;aquella massacre, uns noms i cognoms (oficis i edats) que identifiquen a cada un dels tarragonins (no hem incl\u00f3s els foranis) que van haver de passar aquell tr\u00e0ngol.<\/p>\n<p>A aquest enlla\u00e7, oferim el llistat complert de les v\u00edctimes mortals tarragonines durant el per\u00edode que va durar el setge, les de l&#8217;assalt final napole\u00f2nic i les que es van anar produint els dies posteriors per les ferides rebudes. Han estat extretes dels llibres d&#8217;\u00f2bits de la Catedral de Tarragona, amb nom, cognom, edat, ofici o condici\u00f3, i transcrivint el passatge que informe de la manera concreta en qu\u00e8 el titular va morir. Tamb\u00e9 una segona versi\u00f3 del llistat, ordenades les v\u00edctimes cronol\u00f2gicament, i finalment un altre llistat corresponent als difunts de l&#8217;hospital militar.<\/p>\n<p>&nbsp;<\/p>\n<p style=\"text-align: center\"><a href=\"https:\/\/blocs.tinet.cat\/acarn\/files\/2012\/01\/V\u00edctimes1811.pdf\">V\u00edctimes1811<\/a><\/p>\n<p>&nbsp;<\/p>\n","protected":false},"excerpt":{"rendered":"<p>El 28 de juny de 1811 els francesos assaltaren, amb \u00e8xit, la ciutat de Tarragona. Les indescriptibles escennes d&#8217;engoixa, crueldat i iniquitat que van causar els militars napole\u00f2nics, han estat descrites en el n\u00famero especial de la revista, el 16, &hellip; <a href=\"https:\/\/blocs.tinet.cat\/acarn\/victimes-de-1811\/\">Continua llegint <span class=\"meta-nav\">&rarr;<\/span><\/a><\/p>\n","protected":false},"author":424,"featured_media":0,"parent":0,"menu_order":0,"comment_status":"closed","ping_status":"closed","template":"","meta":{"footnotes":""},"class_list":["post-45","page","type-page","status-publish","hentry"],"_links":{"self":[{"href":"https:\/\/blocs.tinet.cat\/acarn\/wp-json\/wp\/v2\/pages\/45","targetHints":{"allow":["GET"]}}],"collection":[{"href":"https:\/\/blocs.tinet.cat\/acarn\/wp-json\/wp\/v2\/pages"}],"about":[{"href":"https:\/\/blocs.tinet.cat\/acarn\/wp-json\/wp\/v2\/types\/page"}],"author":[{"embeddable":true,"href":"https:\/\/blocs.tinet.cat\/acarn\/wp-json\/wp\/v2\/users\/424"}],"replies":[{"embeddable":true,"href":"https:\/\/blocs.tinet.cat\/acarn\/wp-json\/wp\/v2\/comments?post=45"}],"version-history":[{"count":0,"href":"https:\/\/blocs.tinet.cat\/acarn\/wp-json\/wp\/v2\/pages\/45\/revisions"}],"wp:attachment":[{"href":"https:\/\/blocs.tinet.cat\/acarn\/wp-json\/wp\/v2\/media?parent=45"}],"curies":[{"name":"wp","href":"https:\/\/api.w.org\/{rel}","templated":true}]}}