{"id":22,"date":"2012-01-24T20:03:37","date_gmt":"2012-01-24T20:03:37","guid":{"rendered":"https:\/\/blocs.tinet.cat\/acarn\/?page_id=22"},"modified":"2019-05-15T06:13:50","modified_gmt":"2019-05-15T06:13:50","slug":"base-de-dades-bibliografica","status":"publish","type":"page","link":"https:\/\/blocs.tinet.cat\/acarn\/base-de-dades-bibliografica\/","title":{"rendered":"BADABIAC"},"content":{"rendered":"<p>&nbsp;<\/p>\n<p>BADABIAC \u00e9s la <em>Base de Dades Bibliogr\u00e0fica d&#8217;A Carn<\/em>!, centrada en el tema d&#8217;Hist\u00f2ria Militar, i recompilada amb la suma de les recensions i refer\u00e8ncies bibliogr\u00e0fiques que apareixen cada quatrimestre a la nostra revista.<\/p>\n<p>Efectivament, als apartats de \u201cRecensions\u201d i \u201cRecull\u201d, oferim quadrimestralment mitja dotzena de recensions llargues (encap\u00e7alament en groc), 20 o 25 de breus (encap\u00e7alament en vermell), i un llistat entre les 80 i el centenar de refer\u00e8ncies bibliogr\u00e0fiques (no recensionades, sin\u00f3 solament citades), tot depenent de l\u2019espai que hagin deixat la resta de seccions.<\/p>\n<p>Generalment, la bibliografia a la revista <em>A Carn!<\/em>, sol ocupar entre 13 i 15 p\u00e0gines, i es configura com l\u2019aspecte que consumeix m\u00e9s espai.<\/p>\n<p>Es tracta de donar informaci\u00f3 del m\u00e0xim nombre de t\u00edtols d\u2019articles, llibres, miscel\u00b7l\u00e0nies i monografies (alguns articles de diari, productes en l\u00ednia, etc.), apareguts recentment (no m\u00e9s enll\u00e0 dels dos anys anteriors \u2013amb ocasionals excepcions-), que versin sobre el tema que ens interessa, la Hist\u00f2ria Militar Catalana (de Catalunya o dels catalans, tots, un o alguns) i, excepcionalment, la Hist\u00f2ria Militar t\u00e8cnica aplicable arreu. Per aconseguir-los, cal repassar peri\u00f2dicament la Biblioteca (revistes acad\u00e8miques, de divulgaci\u00f3, locals, especialitzades, etc.), consultar Internet (webs d\u2019editorials o del tema militar, sumaris de revistes, bases de dades com l\u2019ISBN, etc.), i estar al cas de qualsevol aparici\u00f3 del m\u00f3n editorial. Tot el material que cau a les nostres mans, apareix despr\u00e9s a la revista.<\/p>\n<p>Les obres m\u00e9s importants, es recensionen en mitja o una p\u00e0gina (excepcionalment, alguna m\u00e9s), la resta, en format breu d\u2019unes 150 paraules, ordenades totes d\u2019acord amb la cronologia del seu contingut. D\u2019aquells t\u00edtols que hem tingut oportunitat de llegir directament, n\u2019oferim un marcador on consten: el nombre de cites que te, el de centres documentals que utilitza i el de cites bibliogr\u00e0fiques consultades, a m\u00e9s d\u2019una valoraci\u00f3 objectiva que pot anar des d\u2019una estrella + (acceptable), fins a quatre ++++ (extraordinari). A banda, estan les simples cites bibliogr\u00e0fiques de treballs (una bona part, reportatges de revistes de divulgaci\u00f3) sobre Hist\u00f2ria Militar Universal, estructurats en per\u00edodes i en conflictes, i dins de cada un, per ordre alfab\u00e8tic dels autors. Cada n\u00famero d\u2019<em>A Carn!<\/em>, pot arribar a oferir un total de 130 t\u00edtols entre recensionats (30) i citats (100).<\/p>\n<p>Despr\u00e9s de cada entrega, incorporem aquesta bibliografia al bloc, en un llistat estructurat tem\u00e0ticament mitjan\u00e7ant un thesaurus d&#8217;Hist\u00f2ria Militar Catalana, que ja depassa els 4.500 t\u00edtols i les 1.000 recensions [Vegeu l&#8217;Editorial del n\u00fam. 15, de gener de 2011].<\/p>\n<p style=\"text-align: center\"><a href=\"https:\/\/blocs.tinet.cat\/acarn\/files\/2012\/01\/BADABIAC28.pdf\">B A D A B I A C<\/a><\/p>\n<p style=\"text-align: center\">&nbsp;<\/p>\n<p>&nbsp;<\/p>\n","protected":false},"excerpt":{"rendered":"<p>&nbsp; BADABIAC \u00e9s la Base de Dades Bibliogr\u00e0fica d&#8217;A Carn!, centrada en el tema d&#8217;Hist\u00f2ria Militar, i recompilada amb la suma de les recensions i refer\u00e8ncies bibliogr\u00e0fiques que apareixen cada quatrimestre a la nostra revista. Efectivament, als apartats de \u201cRecensions\u201d &hellip; <a href=\"https:\/\/blocs.tinet.cat\/acarn\/base-de-dades-bibliografica\/\">Continua llegint <span class=\"meta-nav\">&rarr;<\/span><\/a><\/p>\n","protected":false},"author":424,"featured_media":0,"parent":0,"menu_order":0,"comment_status":"closed","ping_status":"closed","template":"","meta":{"footnotes":""},"class_list":["post-22","page","type-page","status-publish","hentry"],"_links":{"self":[{"href":"https:\/\/blocs.tinet.cat\/acarn\/wp-json\/wp\/v2\/pages\/22","targetHints":{"allow":["GET"]}}],"collection":[{"href":"https:\/\/blocs.tinet.cat\/acarn\/wp-json\/wp\/v2\/pages"}],"about":[{"href":"https:\/\/blocs.tinet.cat\/acarn\/wp-json\/wp\/v2\/types\/page"}],"author":[{"embeddable":true,"href":"https:\/\/blocs.tinet.cat\/acarn\/wp-json\/wp\/v2\/users\/424"}],"replies":[{"embeddable":true,"href":"https:\/\/blocs.tinet.cat\/acarn\/wp-json\/wp\/v2\/comments?post=22"}],"version-history":[{"count":0,"href":"https:\/\/blocs.tinet.cat\/acarn\/wp-json\/wp\/v2\/pages\/22\/revisions"}],"wp:attachment":[{"href":"https:\/\/blocs.tinet.cat\/acarn\/wp-json\/wp\/v2\/media?parent=22"}],"curies":[{"name":"wp","href":"https:\/\/api.w.org\/{rel}","templated":true}]}}