{"id":2,"date":"2012-01-24T12:22:23","date_gmt":"2012-01-24T12:22:23","guid":{"rendered":"http:\/\/wpblocs.tinet.cat\/plantilla\/?page_id=2"},"modified":"2019-05-15T06:14:07","modified_gmt":"2019-05-15T06:14:07","slug":"quant-a","status":"publish","type":"page","link":"https:\/\/blocs.tinet.cat\/acarn\/quant-a\/","title":{"rendered":"La revista (Sumaris)"},"content":{"rendered":"<p>&nbsp;<\/p>\n<p><strong>El projecte<\/strong><\/p>\n<p><em>A Carn! <\/em>\u00e9s un projecte de ciberpublicaci\u00f3 peri\u00f2dica produ\u00efda (pensada, redactada, corregida, maquetada i penjada al bloc) des de la ciutat de Tarragona per Manel G\u00fcell, amb ajut dels col\u00b7laboradors que vulguin aportar material a la revista electr\u00f2nica. <em>A Carn!<\/em> es configura com una plataforma de participaci\u00f3 cultural oberta a tots els investigadors, estudiosos i afeccionats del ram de la Hist\u00f2ria Militar Catalana.<\/p>\n<p>\u00c9s d\u2019acc\u00e9s lliure i est\u00e0 vinculada al seu propi bloc, on consten tots els n\u00fameros apareguts, a m\u00e9s de tota la bibliografia citada i recensionada. Compta, a m\u00e9s, amb una versi\u00f3 en castell\u00e0, de cada n\u00famero.<\/p>\n<p><strong>Format<\/strong><\/p>\n<p>Consta de 40 o 60 \u2018pantalles\u2019 (fins el n\u00famero 6, 36 m\u00e9s 4 de tapes), encara que a partir dels \u00faltims n\u00fameros s&#8217;ha augmentat el nombre a les 80 o al centenar. Te una periodicitat quadrimestral, apareixent-ne, doncs, tres n\u00fameros cada any, els mesos de gener, maig i setembre.<\/p>\n<p>La revista ha estat concebuda amb una estructura senzilla que ofereixi diversitat: un sumari inicial, una editorial, un parell d&#8217;articles breus, una secci\u00f3 dedicada a biografiar un personatge relativament desconegut (si pot ser, sense massa antecedents historiogr\u00e0fics), un apartat de not\u00edcies, un altra dedicat a fons documentals, una agenda d\u2019activitats culturals, i finalment, tres apartats \u2018m\u00f2bils\u2019 amb possibilitat d\u2019inserir all\u00e0 on sembli m\u00e9s oport\u00fa, \u201cLa Cita\u201d (cites hist\u00f2riques carregades de significat, al voltant d&#8217;un tema), \u201cl\u2019Espasa i la ploma\u201d (dedicat a donar a con\u00e9ixer amb tres o quatre par\u00e0grafs, una obra important (tractat militar, mem\u00f2ria, dietari) i \u201c<em>Expugnare Oppidum\u201d<\/em>, que fins al n\u00fam. 6, constava a la part final de les tapes (i on s\u2019ofereix una s\u00edntesi d\u2019un dels molts setges que omplen la nostra Hist\u00f2ria Militar). Per suposat que tota la informaci\u00f3 de cada apartat est\u00e0 relacionada amb la Hist\u00f2ria Militar de Catalunya o dels catalans. S\u2019ha procurat i es procura, dotar cada secci\u00f3 d\u2019uns trets formals propis, de disseny i tipus de lletra, que ajudin a identificar-lo i donar-li singularitat dins del conjunt de la revista.<\/p>\n<p><strong>Manual d&#8217;estil<\/strong><\/p>\n<p><em>A Carn!<\/em> incorpora un manual d&#8217;estil o requeriments formals per a les col\u00b7laboracions que rep, a trav\u00e9s dels quals \u00e9s possible homogeneitzar l&#8217;estil i el format de la revista. S\u00f3n un conjunt d&#8217;indicacions que es basen en la Norma <em>ISO 690:1987<\/em> <em>(UNE 50-104-94)<\/em>, per a la citaci\u00f3 de documents impresos i la\u00a0<em>ISO 690-2<\/em>, per als documents electr\u00f2nics.<\/p>\n<p style=\"text-align: center\"><a href=\"https:\/\/blocs.tinet.cat\/acarn\/files\/2012\/01\/Manual-destil1.pdf\">MANUAL D&#8217;ESTIL<\/a> \/ \u00a0\u00a0<a href=\"https:\/\/blocs.tinet.cat\/acarn\/files\/2012\/01\/Manual-de-estilo1.pdf\">MANUAL DE ESTILO<\/a><\/p>\n<p><strong>Sumaris<\/strong><\/p>\n<p>En els seg\u00fcents pdf,s es troben els sumaris actualitzats dels successius n\u00fameros que han aparegut de la revista electr\u00f2nica <em>A Carn!<\/em>, com sempre, amb la versi\u00f3 en castell\u00e0 al costat.<\/p>\n<p style=\"text-align: center\"><a href=\"https:\/\/blocs.tinet.cat\/acarn\/files\/2012\/01\/SUMARIS28.pdf\">S U M A R I S<\/a> \/ \u00a0\u00a0<a href=\"https:\/\/blocs.tinet.cat\/acarn\/files\/2012\/01\/SUMARIOS28.pdf\">S U M A R I O S<\/a><\/p>\n<p style=\"text-align: center\">\n<a href=\"https:\/\/blocs.tinet.cat\/acarn\/files\/2012\/01\/SUMARIOS28.pdf\"><\/a><\/p>\n<p style=\"text-align: center\">&nbsp;<\/p>\n","protected":false},"excerpt":{"rendered":"<p>&nbsp; El projecte A Carn! \u00e9s un projecte de ciberpublicaci\u00f3 peri\u00f2dica produ\u00efda (pensada, redactada, corregida, maquetada i penjada al bloc) des de la ciutat de Tarragona per Manel G\u00fcell, amb ajut dels col\u00b7laboradors que vulguin aportar material a la revista &hellip; <a href=\"https:\/\/blocs.tinet.cat\/acarn\/quant-a\/\">Continua llegint <span class=\"meta-nav\">&rarr;<\/span><\/a><\/p>\n","protected":false},"author":424,"featured_media":0,"parent":0,"menu_order":0,"comment_status":"closed","ping_status":"closed","template":"","meta":{"footnotes":""},"class_list":["post-2","page","type-page","status-publish","hentry"],"_links":{"self":[{"href":"https:\/\/blocs.tinet.cat\/acarn\/wp-json\/wp\/v2\/pages\/2","targetHints":{"allow":["GET"]}}],"collection":[{"href":"https:\/\/blocs.tinet.cat\/acarn\/wp-json\/wp\/v2\/pages"}],"about":[{"href":"https:\/\/blocs.tinet.cat\/acarn\/wp-json\/wp\/v2\/types\/page"}],"author":[{"embeddable":true,"href":"https:\/\/blocs.tinet.cat\/acarn\/wp-json\/wp\/v2\/users\/424"}],"replies":[{"embeddable":true,"href":"https:\/\/blocs.tinet.cat\/acarn\/wp-json\/wp\/v2\/comments?post=2"}],"version-history":[{"count":0,"href":"https:\/\/blocs.tinet.cat\/acarn\/wp-json\/wp\/v2\/pages\/2\/revisions"}],"wp:attachment":[{"href":"https:\/\/blocs.tinet.cat\/acarn\/wp-json\/wp\/v2\/media?parent=2"}],"curies":[{"name":"wp","href":"https:\/\/api.w.org\/{rel}","templated":true}]}}